{"id":987,"date":"2023-11-23T13:49:21","date_gmt":"2023-11-23T12:49:21","guid":{"rendered":"https:\/\/bluemagiccat.com\/sostenibilitat\/"},"modified":"2024-04-23T10:35:22","modified_gmt":"2024-04-23T08:35:22","slug":"sostenibilitat","status":"publish","type":"page","link":"https:\/\/bluemagiccat.com\/ca\/sostenibilitat\/","title":{"rendered":"Sostenibilitat"},"content":{"rendered":"<p>[et_pb_section fb_built=&#8221;1&#8243; _builder_version=&#8221;4.22.2&#8243; _module_preset=&#8221;f09114a1-963a-4056-8a50-d50a24047a85&#8243; background_image=&#8221;https:\/\/bluemagiccat.com\/wp-content\/uploads\/2023\/11\/sostenibilidad-bluemagiccat.jpg&#8221; global_colors_info=&#8221;{}&#8221;][et_pb_row _builder_version=&#8221;4.22.2&#8243; _module_preset=&#8221;32d9d43c-2124-406b-98f1-aad321829f5e&#8221; global_colors_info=&#8221;{}&#8221;][et_pb_column type=&#8221;4_4&#8243; _builder_version=&#8221;4.22.2&#8243; _module_preset=&#8221;default&#8221; global_colors_info=&#8221;{}&#8221;][et_pb_text _builder_version=&#8221;4.22.2&#8243; _module_preset=&#8221;7e06c2ef-73a8-4004-951f-8979342f9989&#8243; global_colors_info=&#8221;{}&#8221;]<\/p>\n<h1>La sostenibilitat i economia blava<\/h1>\n<p>[\/et_pb_text][\/et_pb_column][\/et_pb_row][\/et_pb_section][et_pb_section fb_built=&#8221;1&#8243; _builder_version=&#8221;4.22.2&#8243; _module_preset=&#8221;default&#8221; global_colors_info=&#8221;{}&#8221;][et_pb_row _builder_version=&#8221;4.22.2&#8243; _module_preset=&#8221;default&#8221; custom_padding=&#8221;||0px||false|false&#8221; global_colors_info=&#8221;{}&#8221;][et_pb_column type=&#8221;4_4&#8243; _builder_version=&#8221;4.22.2&#8243; _module_preset=&#8221;default&#8221; global_colors_info=&#8221;{}&#8221;][et_pb_text _builder_version=&#8221;4.22.2&#8243; _module_preset=&#8221;default&#8221; global_colors_info=&#8221;{}&#8221;]<\/p>\n<h2>La sostenibilitat i BlueMagicCat, m\u00e9s junts que mai<\/h2>\n<p>[\/et_pb_text][et_pb_text module_class=&#8221;font-weight-300&#8243; _builder_version=&#8221;4.22.2&#8243; _module_preset=&#8221;default&#8221; global_colors_info=&#8221;{}&#8221;]<\/p>\n<p>Un dels pilars m\u00e9s importants de BlueMagicCat \u00e9s mantenir una bona relaci\u00f3 amb el medi mar\u00ed, \u00e9s per aix\u00f2 que creiem en la sostenibilitat i treballem cada dia per poder deixar una empremta positiva tant al medi ambient com a la societat.<\/p>\n<p>Des dels nostres inicis hem intentat cuidar el nostre impacte al medi ambient i tot l&#8217;equip col\u00b7labora responsablement per aconseguir un bon futur.<\/p>\n<p>[\/et_pb_text][et_pb_divider color=&#8221;RGBA(255,255,255,0)&#8221; _builder_version=&#8221;4.22.2&#8243; _module_preset=&#8221;default&#8221; global_colors_info=&#8221;{}&#8221;][\/et_pb_divider][et_pb_text _builder_version=&#8221;4.22.2&#8243; _module_preset=&#8221;default&#8221; global_colors_info=&#8221;{}&#8221;]<\/p>\n<h3>BlueMagicCat col\u00b7labora\/\u00e9s membre de:<\/h3>\n<p>[\/et_pb_text][\/et_pb_column][\/et_pb_row][et_pb_row column_structure=&#8221;2_5,3_5&#8243; make_equal=&#8221;on&#8221; module_class=&#8221;seccio-colaborador-bcn-mes-sostenible&#8221; _builder_version=&#8221;4.22.2&#8243; _module_preset=&#8221;default&#8221; custom_padding=&#8221;||0px||false|false&#8221; global_colors_info=&#8221;{}&#8221;][et_pb_column type=&#8221;2_5&#8243; _builder_version=&#8221;4.22.2&#8243; _module_preset=&#8221;default&#8221; global_colors_info=&#8221;{}&#8221;][et_pb_image src=&#8221;https:\/\/bluemagiccat.com\/wp-content\/uploads\/2023\/11\/miembro-barcelona-mas-sostenible.jpeg&#8221; title_text=&#8221;membre-barcelona-mes-sostenible&#8221; _builder_version=&#8221;4.22.2&#8243; _module_preset=&#8221;default&#8221; max_width=&#8221;45%&#8221; max_width_tablet=&#8221;30%&#8221; max_width_phone=&#8221;50%&#8221; max_width_last_edited=&#8221;on|tablet&#8221; module_alignment=&#8221;center&#8221; global_colors_info=&#8221;{}&#8221;][\/et_pb_image][\/et_pb_column][et_pb_column type=&#8221;3_5&#8243; _builder_version=&#8221;4.22.2&#8243; _module_preset=&#8221;default&#8221; global_colors_info=&#8221;{}&#8221;][et_pb_text _builder_version=&#8221;4.22.2&#8243; _module_preset=&#8221;default&#8221; global_colors_info=&#8221;{}&#8221;]<\/p>\n<p><strong>Barcelona+Sostenible<\/strong> \u00e9s una xarxa d&#8217;organitzacions compromeses amb la sostenibilitat que col\u00b7laboren entre si per crear una ciutat responsable amb les persones i el medi ambient i, des de BlueMagicCat, podem dir que estem molt orgullosos de formar part d&#8217;una associaci\u00f3 tan bona.<\/p>\n<p>Gr\u00e0cies al seu <a href=\"https:\/\/bcnsostenible.cat\/es\/web\/explora\" target=\"_blank\" rel=\"noopener\">Mapa de la Barcelona Sostenible<\/a> podem descobrir les empreses col\u00b7laboradores i treballar-hi per aconseguir una Barcelona m\u00e9s sostenible.<\/p>\n<p>[\/et_pb_text][\/et_pb_column][\/et_pb_row][et_pb_row column_structure=&#8221;2_5,3_5&#8243; make_equal=&#8221;on&#8221; module_class=&#8221;seccio-colaborador-bcn-mes-sostenible&#8221; _builder_version=&#8221;4.22.2&#8243; _module_preset=&#8221;default&#8221; custom_padding=&#8221;0px||||false|false&#8221; global_colors_info=&#8221;{}&#8221;][et_pb_column type=&#8221;2_5&#8243; _builder_version=&#8221;4.22.2&#8243; _module_preset=&#8221;default&#8221; global_colors_info=&#8221;{}&#8221;][et_pb_image src=&#8221;https:\/\/bluemagiccat.com\/wp-content\/uploads\/2023\/11\/miembro-biosphere-tourism.png&#8221; alt=&#8221;Logo Biosphere Tourism colaboradors con BlueMagicCat&#8221; title_text=&#8221;Logo Biosphere Tourism colaboradors con BlueMagicCat&#8221; _builder_version=&#8221;4.22.2&#8243; _module_preset=&#8221;default&#8221; max_width=&#8221;65%&#8221; max_width_tablet=&#8221;65%&#8221; max_width_phone=&#8221;80%&#8221; max_width_last_edited=&#8221;on|phone&#8221; module_alignment=&#8221;center&#8221; custom_margin=&#8221;||||false|false&#8221; custom_padding=&#8221;||||false|false&#8221; global_colors_info=&#8221;{}&#8221;][\/et_pb_image][\/et_pb_column][et_pb_column type=&#8221;3_5&#8243; _builder_version=&#8221;4.22.2&#8243; _module_preset=&#8221;default&#8221; global_colors_info=&#8221;{}&#8221;][et_pb_text module_class=&#8221;font-weight-300&#8243; _builder_version=&#8221;4.22.2&#8243; _module_preset=&#8221;default&#8221; global_colors_info=&#8221;{}&#8221;]<\/p>\n<p><strong>Biosphere Tourism<\/strong> \u00e9s una certificaci\u00f3 tur\u00edstica de reconeixement internacional. Gr\u00e0cies al seu programa, tot l&#8217;equip de BlueMagicCat hem pogut aprendre els principis sobre sostenibilitat i ens comprometem a continuar millorant cont\u00ednuament per a un equilibri adequat entre els nostres clients, l&#8217;empresa i el medi ambient.<\/p>\n<p>[\/et_pb_text][\/et_pb_column][\/et_pb_row][et_pb_row _builder_version=&#8221;4.22.2&#8243; _module_preset=&#8221;default&#8221; custom_padding=&#8221;0px||0px||false|false&#8221; global_colors_info=&#8221;{}&#8221;][et_pb_column type=&#8221;4_4&#8243; _builder_version=&#8221;4.22.2&#8243; _module_preset=&#8221;default&#8221; global_colors_info=&#8221;{}&#8221;][et_pb_text _builder_version=&#8221;4.22.2&#8243; _module_preset=&#8221;default&#8221; custom_margin=&#8221;||0px||false|false&#8221; custom_padding=&#8221;||||false|false&#8221; global_colors_info=&#8221;{}&#8221;]<\/p>\n<h3>La nostra feina<\/h3>\n<p>[\/et_pb_text][et_pb_text module_class=&#8221;font-weight-300&#8243; _builder_version=&#8221;4.22.2&#8243; _module_preset=&#8221;default&#8221; global_colors_info=&#8221;{}&#8221;]<\/p>\n<p>Com que els nostres clients s\u00f3n el m\u00e9s important per a nosaltres, creiem en la necessitat d&#8217;informar-vos en tot moment de les nostres mesures per mantenir una bona relaci\u00f3 amb la sostenibilitat i la societat i perqu\u00e8 pugueu con\u00e8ixer m\u00e9s sobre el nostre comprom\u00eds amb el medi ambient.<\/p>\n<p>[\/et_pb_text][et_pb_text _builder_version=&#8221;4.22.2&#8243; _module_preset=&#8221;default&#8221; custom_margin=&#8221;40px||0px||false|false&#8221; global_colors_info=&#8221;{}&#8221;]<\/p>\n<h3>Els nostres prove\u00efdors<\/h3>\n<p>[\/et_pb_text][et_pb_text module_class=&#8221;font-weight-300&#8243; _builder_version=&#8221;4.22.2&#8243; _module_preset=&#8221;default&#8221; global_colors_info=&#8221;{}&#8221;]<\/p>\n<p>Creiem fermament al negoci local, de proximitat. \u00c9s per aix\u00f2 que optem per escollir els nostres prove\u00efdors de comer\u00e7os locals.<\/p>\n<p>[\/et_pb_text][et_pb_text _builder_version=&#8221;4.22.2&#8243; _module_preset=&#8221;default&#8221; custom_margin=&#8221;40px||0px||false|false&#8221; global_colors_info=&#8221;{}&#8221;]<\/p>\n<h3>Les nostres emissions<\/h3>\n<p>[\/et_pb_text][et_pb_text module_class=&#8221;font-weight-300&#8243; _builder_version=&#8221;4.22.2&#8243; _module_preset=&#8221;default&#8221; global_colors_info=&#8221;{}&#8221;]<\/p>\n<p>Lluitem amb reduir i minimitzar les emissions dels nostres vaixells. \u00c9s per aix\u00f2 que un dels nostres pr\u00f2xims projectes ser\u00e0 introduir motors el\u00e8ctrics als nostres catamarans, aix\u00ed podreu gaudir navegant en vaixells sostenibles.<\/p>\n<p>[\/et_pb_text][et_pb_text _builder_version=&#8221;4.22.2&#8243; _module_preset=&#8221;default&#8221; custom_margin=&#8221;40px||0px||false|false&#8221; global_colors_info=&#8221;{}&#8221;]<\/p>\n<h3>El nostre proc\u00e9s de reciclatge<\/h3>\n<p>[\/et_pb_text][et_pb_text module_class=&#8221;font-weight-300&#8243; _builder_version=&#8221;4.22.2&#8243; _module_preset=&#8221;default&#8221; global_colors_info=&#8221;{}&#8221;]<\/p>\n<p>Tant el nostre equip a l&#8217;oficina com la nostra tripulaci\u00f3 i clients als vaixells tenen el comprom\u00eds amb el reciclatge.<\/p>\n<p>[\/et_pb_text][\/et_pb_column][\/et_pb_row][et_pb_row column_structure=&#8221;1_4,1_4,1_4,1_4&#8243; use_custom_gutter=&#8221;on&#8221; _builder_version=&#8221;4.22.2&#8243; _module_preset=&#8221;default&#8221; custom_padding=&#8221;|0px||0px|false|false&#8221; global_colors_info=&#8221;{}&#8221;][et_pb_column type=&#8221;1_4&#8243; _builder_version=&#8221;4.22.2&#8243; _module_preset=&#8221;default&#8221; global_colors_info=&#8221;{}&#8221;][et_pb_image src=&#8221;https:\/\/bluemagiccat.com\/wp-content\/uploads\/2023\/11\/logo-lgt-global-award.png&#8221; title_text=&#8221;logo-lgt-global-award&#8221; force_fullwidth=&#8221;on&#8221; _builder_version=&#8221;4.22.2&#8243; _module_preset=&#8221;default&#8221; global_colors_info=&#8221;{}&#8221;][\/et_pb_image][\/et_pb_column][et_pb_column type=&#8221;1_4&#8243; _builder_version=&#8221;4.22.2&#8243; _module_preset=&#8221;default&#8221; global_colors_info=&#8221;{}&#8221;][et_pb_image src=&#8221;https:\/\/bluemagiccat.com\/wp-content\/uploads\/2023\/11\/logo-viator-1.png&#8221; title_text=&#8221;logo-viator&#8221; force_fullwidth=&#8221;on&#8221; _builder_version=&#8221;4.22.2&#8243; _module_preset=&#8221;default&#8221; global_colors_info=&#8221;{}&#8221;][\/et_pb_image][\/et_pb_column][et_pb_column type=&#8221;1_4&#8243; _builder_version=&#8221;4.22.2&#8243; _module_preset=&#8221;default&#8221; global_colors_info=&#8221;{}&#8221;][et_pb_image src=&#8221;https:\/\/bluemagiccat.com\/wp-content\/uploads\/2023\/11\/logo-biosphere.png&#8221; title_text=&#8221;logo-biosphere&#8221; force_fullwidth=&#8221;on&#8221; _builder_version=&#8221;4.22.2&#8243; _module_preset=&#8221;default&#8221; global_colors_info=&#8221;{}&#8221;][\/et_pb_image][\/et_pb_column][et_pb_column type=&#8221;1_4&#8243; _builder_version=&#8221;4.22.2&#8243; _module_preset=&#8221;default&#8221; global_colors_info=&#8221;{}&#8221;][et_pb_image src=&#8221;https:\/\/bluemagiccat.com\/wp-content\/uploads\/2023\/11\/logo-barcelona-turisme.png&#8221; title_text=&#8221;logo-barcelona-turisme&#8221; force_fullwidth=&#8221;on&#8221; _builder_version=&#8221;4.22.2&#8243; _module_preset=&#8221;default&#8221; global_colors_info=&#8221;{}&#8221;][\/et_pb_image][\/et_pb_column][\/et_pb_row][et_pb_row _builder_version=&#8221;4.22.2&#8243; _module_preset=&#8221;default&#8221; custom_padding=&#8221;||0px||false|false&#8221; global_colors_info=&#8221;{}&#8221;][et_pb_column type=&#8221;4_4&#8243; _builder_version=&#8221;4.22.2&#8243; _module_preset=&#8221;default&#8221; global_colors_info=&#8221;{}&#8221;][et_pb_text _builder_version=&#8221;4.22.2&#8243; _module_preset=&#8221;default&#8221; global_colors_info=&#8221;{}&#8221;]<a href=\"https:\/\/bluemagiccat.com\/ca\/contacte-bluemagiccat-atencio-al-client\/\" rel=\"noopener\">Contacta<\/a> amb el nostre equip per saber-ne m\u00e9s.[\/et_pb_text][\/et_pb_column][\/et_pb_row][\/et_pb_section]<\/p>\n","protected":false},"excerpt":{"rendered":"<p>La sostenibilitat i economia blavaLa sostenibilitat i BlueMagicCat, m\u00e9s junts que maiUn dels pilars m\u00e9s importants de BlueMagicCat \u00e9s mantenir una bona relaci\u00f3 amb el medi mar\u00ed, \u00e9s per aix\u00f2 que creiem en la sostenibilitat i treballem cada dia per poder deixar una empremta positiva tant al medi ambient com a la societat. Des dels [&hellip;]<\/p>\n","protected":false},"author":2,"featured_media":0,"parent":0,"menu_order":0,"comment_status":"closed","ping_status":"closed","template":"","meta":{"_et_pb_use_builder":"on","_et_pb_old_content":"","_et_gb_content_width":"","_joinchat":[],"footnotes":""},"dipi_cpt_category":[],"class_list":["post-987","page","type-page","status-publish","hentry"],"_links":{"self":[{"href":"https:\/\/bluemagiccat.com\/ca\/wp-json\/wp\/v2\/pages\/987","targetHints":{"allow":["GET"]}}],"collection":[{"href":"https:\/\/bluemagiccat.com\/ca\/wp-json\/wp\/v2\/pages"}],"about":[{"href":"https:\/\/bluemagiccat.com\/ca\/wp-json\/wp\/v2\/types\/page"}],"author":[{"embeddable":true,"href":"https:\/\/bluemagiccat.com\/ca\/wp-json\/wp\/v2\/users\/2"}],"replies":[{"embeddable":true,"href":"https:\/\/bluemagiccat.com\/ca\/wp-json\/wp\/v2\/comments?post=987"}],"version-history":[{"count":12,"href":"https:\/\/bluemagiccat.com\/ca\/wp-json\/wp\/v2\/pages\/987\/revisions"}],"predecessor-version":[{"id":22988402,"href":"https:\/\/bluemagiccat.com\/ca\/wp-json\/wp\/v2\/pages\/987\/revisions\/22988402"}],"wp:attachment":[{"href":"https:\/\/bluemagiccat.com\/ca\/wp-json\/wp\/v2\/media?parent=987"}],"wp:term":[{"taxonomy":"dipi_cpt_category","embeddable":true,"href":"https:\/\/bluemagiccat.com\/ca\/wp-json\/wp\/v2\/dipi_cpt_category?post=987"}],"curies":[{"name":"wp","href":"https:\/\/api.w.org\/{rel}","templated":true}]}}