{"id":1558,"date":"2023-10-16T09:02:49","date_gmt":"2023-10-16T07:02:49","guid":{"rendered":"https:\/\/bluemagiccat.com\/catamarans-a-barcelona-blue-magic-cat\/"},"modified":"2025-11-25T16:27:08","modified_gmt":"2025-11-25T15:27:08","slug":"catamarans-a-barcelona-blue-magic-cat","status":"publish","type":"page","link":"https:\/\/bluemagiccat.com\/ca\/","title":{"rendered":"Catamarans a Barcelona Blue magic cat"},"content":{"rendered":"<p>[et_pb_section fb_built=&#8221;1&#8243; _builder_version=&#8221;4.22.2&#8243; _module_preset=&#8221;default&#8221; background_video_mp4=&#8221;https:\/\/bluemagiccat.com\/wp-content\/uploads\/2023\/12\/Blue-Magic-Cat-Charters-BCN-exclusive-Catamarans.mp4&#8243; min_height=&#8221;85vh&#8221; min_height_tablet=&#8221;40vh&#8221; min_height_phone=&#8221;25vh&#8221; min_height_last_edited=&#8221;on|phone&#8221; global_colors_info=&#8221;{}&#8221;][et_pb_row custom_padding_last_edited=&#8221;on|phone&#8221; _builder_version=&#8221;4.22.2&#8243; _module_preset=&#8221;default&#8221; positioning=&#8221;absolute&#8221; position_origin_a=&#8221;bottom_center&#8221; position_origin_a_tablet=&#8221;bottom_center&#8221; position_origin_a_phone=&#8221;bottom_center&#8221; position_origin_a_last_edited=&#8221;on|desktop&#8221; position_origin_f_tablet=&#8221;&#8221; position_origin_f_phone=&#8221;&#8221; position_origin_f_last_edited=&#8221;on|desktop&#8221; position_origin_r_tablet=&#8221;&#8221; position_origin_r_phone=&#8221;&#8221; position_origin_r_last_edited=&#8221;on|desktop&#8221; custom_padding=&#8221;||90px||false|false&#8221; custom_padding_tablet=&#8221;||0px||false|false&#8221; custom_padding_phone=&#8221;||0px||false|false&#8221; positioning_tablet=&#8221;none&#8221; positioning_phone=&#8221;none&#8221; positioning_last_edited=&#8221;on|phone&#8221; global_colors_info=&#8221;{}&#8221;][et_pb_column type=&#8221;4_4&#8243; _builder_version=&#8221;4.22.2&#8243; _module_preset=&#8221;default&#8221; global_colors_info=&#8221;{}&#8221;][et_pb_text module_id=&#8221;h1-header-home&#8221; _builder_version=&#8221;4.24.0&#8243; _module_preset=&#8221;default&#8221; background_layout=&#8221;dark&#8221; global_colors_info=&#8221;{}&#8221;]<\/p>\n<h1 class=\"elementor-heading-title elementor-size-default\">LLOGUER DE CATAMAR\u00c0 A<br \/>BARCELONA, Gaudeix del mar amb les nostres experi\u00e8ncies<\/h1>\n<p>[\/et_pb_text][\/et_pb_column][\/et_pb_row][\/et_pb_section][et_pb_section fb_built=&#8221;1&#8243; _builder_version=&#8221;4.22.2&#8243; _module_preset=&#8221;default&#8221; global_colors_info=&#8221;{}&#8221;][et_pb_row _builder_version=&#8221;4.22.2&#8243; _module_preset=&#8221;default&#8221; global_colors_info=&#8221;{}&#8221;][et_pb_column type=&#8221;4_4&#8243; _builder_version=&#8221;4.22.2&#8243; _module_preset=&#8221;default&#8221; global_colors_info=&#8221;{}&#8221;][et_pb_text _builder_version=&#8221;4.24.0&#8243; _module_preset=&#8221;default&#8221; text_orientation=&#8221;center&#8221; max_width=&#8221;600px&#8221; module_alignment=&#8221;center&#8221; global_colors_info=&#8221;{}&#8221;]<\/p>\n<h2><strong>Barcelona Experience<\/strong><br \/>Sortides en catamarans exclusius per la costa de Barcelona<\/h2>\n<p>Sortides d&#8217;esdeveniments corporatius, activitats de Team Building per empreses, festes privades, comiats de solter\/a&#8230;<\/p>\n<p>Lloguer de catamar\u00e0 a Barcelona!<br \/>Sorpr\u00e8n-te amb els packs que oferim.<\/p>\n<p>&nbsp;<\/p>\n<p>[\/et_pb_text][\/et_pb_column][\/et_pb_row][\/et_pb_section][et_pb_section fb_built=&#8221;1&#8243; _builder_version=&#8221;4.24.0&#8243; _module_preset=&#8221;default&#8221; background_color=&#8221;#E2EAEC&#8221; custom_margin=&#8221;||||false|false&#8221; custom_padding=&#8221;||||false|false&#8221; global_colors_info=&#8221;{}&#8221;][et_pb_row _builder_version=&#8221;4.24.0&#8243; _module_preset=&#8221;default&#8221; custom_padding=&#8221;45px|||||&#8221; global_colors_info=&#8221;{}&#8221;][et_pb_column type=&#8221;4_4&#8243; _builder_version=&#8221;4.24.0&#8243; _module_preset=&#8221;default&#8221; global_colors_info=&#8221;{}&#8221;][et_pb_text _builder_version=&#8221;4.24.0&#8243; _module_preset=&#8221;default&#8221; text_orientation=&#8221;center&#8221; custom_margin=&#8221;||||false|false&#8221; custom_padding=&#8221;|30px||30px|false|false&#8221; global_colors_info=&#8221;{}&#8221;]<\/p>\n<h2>Llogueu un dels nostres catamarans<\/h2>\n<p>[\/et_pb_text][dipi_carousel columns=&#8221;1&#8243; container_padding=&#8221;0px|0px|0px|0px|false|false&#8221; loop_wide=&#8221;on&#8221; loop_mid=&#8221;on&#8221; loop_small=&#8221;on&#8221; show_lightbox=&#8221;off&#8221; navigation=&#8221;on&#8221; pagination=&#8221;on&#8221; use_thumbnail_height=&#8221;on&#8221; thumbnail_height=&#8221;30vh&#8221; navigation_size=&#8221;28&#8243; navigation_padding=&#8221;16&#8243; navigation_color=&#8221;#FFFFFF&#8221; navigation_bg_color=&#8221;#15BEAA&#8221; navigation_circle=&#8221;on&#8221; navigation_position_left=&#8221;-60px&#8221; navigation_position_right=&#8221;-60px&#8221; pagination_position=&#8221;-45&#8243; pagination_color=&#8221;#15BEAA&#8221; pagination_active_color=&#8221;#15BEAA&#8221; columns_tablet=&#8221;1&#8243; columns_phone=&#8221;1&#8243; columns_last_edited=&#8221;on|tablet&#8221; space_between_phone=&#8221;10&#8243; space_between_last_edited=&#8221;off|desktop&#8221; thumbnail_height_phone=&#8221;25vh&#8221; thumbnail_height_last_edited=&#8221;off|tablet&#8221; navigation_position_left_tablet=&#8221;50px&#8221; navigation_position_left_phone=&#8221;10px&#8221; navigation_position_left_last_edited=&#8221;on|phone&#8221; navigation_position_right_tablet=&#8221;50px&#8221; navigation_position_right_phone=&#8221;10px&#8221; navigation_position_right_last_edited=&#8221;on|tablet&#8221; module_class=&#8221;carrussel-catamarans-home&#8221; _builder_version=&#8221;4.25.1&#8243; _module_preset=&#8221;default&#8221; global_colors_info=&#8221;{}&#8221;][dipi_carousel_child label=&#8221;premium&#8221; img_src=&#8221;https:\/\/bluemagiccat.com\/wp-content\/uploads\/2024\/03\/Cat-Premium-Blue-Magic-Cat-Catamaran-en-Barcelona5-1.jpg&#8221; title_text=&#8221;BMC Premium&#8221; desc_text=&#8221;<\/p>\n<p><strong>Tarifa m\u00ednima 79 \u20ac\/pax (m\u00ednim 10) per 2 hores<\/strong><\/p>\n<p>Inclou:<\/p>\n<ul>\n<li>Capacitat fins a 30 persones<\/li>\n<li>Patr\u00f3 professional i mariner, asseguran\u00e7a, gasoil, neteja.<\/li>\n<li>IVA (10%)<\/li>\n<li>Aigua, refrescos, cervesa, cava, vi i snacks.<\/li>\n<li>WiFi, Bluetooth, Spotify, taula de paddle surf, ulleres de snorkel<\/li>\n<\/ul>\n<p>&#8221; show_button=&#8221;on&#8221; carousel_button_text=&#8221;M\u00e9s informaci\u00f3&#8221; button_link=&#8221;https:\/\/bluemagiccat.com\/ca\/els-catamarans-bluemagiccat-a-barcelona-fitxa-tecnica\/#bmc-premium&#8221; image_animation=&#8221;zoomin&#8221; _builder_version=&#8221;4.24.0&#8243; _module_preset=&#8221;default&#8221; title_level=&#8221;h3&#8243; global_colors_info=&#8221;{}&#8221;][\/dipi_carousel_child][dipi_carousel_child label=&#8221;luxury&#8221; img_src=&#8221;https:\/\/bluemagiccat.com\/wp-content\/uploads\/2024\/03\/Cat-Luxury-Blue-Magic-Cat-Catamaran-en-Barcelona10.jpg&#8221; title_text=&#8221;BMC Luxury&#8221; desc_text=&#8221;<\/p>\n<p><strong>Tarifa m\u00ednima de 79 \u20ac\/pax (m\u00ednim 10) per 2 hores<\/strong><\/p>\n<p>Inclou:<\/p>\n<ul>\n<li>Capacitat fins a 35 persones<\/li>\n<li>Patr\u00f3 professional i mariner, asseguran\u00e7a, gasoil, neteja.<\/li>\n<li>IVA (10%)<\/li>\n<li>Aigua, refrescos, cervesa, cava, vi i snacks.<\/li>\n<li>WiFi, Bluetooth, Spotify, taula de paddle surf, ulleres de snorkel<\/li>\n<\/ul>\n<p>&#8221; show_button=&#8221;on&#8221; carousel_button_text=&#8221;M\u00e9s informaci\u00f3&#8221; button_link=&#8221;https:\/\/bluemagiccat.com\/ca\/els-catamarans-bluemagiccat-a-barcelona-fitxa-tecnica\/#bmc-luxury&#8221; image_animation=&#8221;zoomin&#8221; _builder_version=&#8221;4.25.1&#8243; _module_preset=&#8221;default&#8221; title_level=&#8221;h3&#8243; global_colors_info=&#8221;{}&#8221;][\/dipi_carousel_child][\/dipi_carousel][\/et_pb_column][\/et_pb_row][et_pb_row _builder_version=&#8221;4.25.0&#8243; _module_preset=&#8221;default&#8221; global_colors_info=&#8221;{}&#8221; custom_padding=&#8221;||39px|||&#8221;][et_pb_column type=&#8221;4_4&#8243; _builder_version=&#8221;4.25.0&#8243; _module_preset=&#8221;default&#8221; global_colors_info=&#8221;{}&#8221;][et_pb_code _builder_version=&#8221;4.25.1&#8243; _module_preset=&#8221;default&#8221; hover_enabled=&#8221;0&#8243; global_colors_info=&#8221;{}&#8221; sticky_enabled=&#8221;0&#8243;]<!-- FareHarbor item grid of flow #1498859 --><!-- [et_pb_line_break_holder] --><script src=\"https:\/\/fareharbor.com\/embeds\/script\/items\/bluemagiccat\/?full-items=yes&#038;fallback=simple&#038;flow=1498859\"><\/script>[\/et_pb_code][\/et_pb_column][\/et_pb_row][\/et_pb_section][et_pb_section fb_built=&#8221;1&#8243; _builder_version=&#8221;4.22.2&#8243; _module_preset=&#8221;default&#8221; custom_padding=&#8221;45px|||||&#8221; global_colors_info=&#8221;{}&#8221;][et_pb_row column_structure=&#8221;1_4,1_4,1_4,1_4&#8243; use_custom_gutter=&#8221;on&#8221; module_class=&#8221;row-home-actividades&#8221; _builder_version=&#8221;4.24.0&#8243; _module_preset=&#8221;default&#8221; global_colors_info=&#8221;{}&#8221;][et_pb_column type=&#8221;1_4&#8243; _builder_version=&#8221;4.24.0&#8243; _module_preset=&#8221;default&#8221; background_color=&#8221;rgba(147,191,186,0.62)&#8221; border_radii=&#8221;on|5px|5px|5px|5px&#8221; global_colors_info=&#8221;{}&#8221;][et_pb_image src=&#8221;https:\/\/bluemagiccat.com\/wp-content\/uploads\/2023\/10\/Salidas-de-2h-3h-4h-Catamaran-Blue-Magic-Cat.jpg&#8221; alt=&#8221;Catamar\u00e0 a Barcelona gaudint de la posta de sol&#8221; title_text=&#8221;Sortides de 2h 3h 4h Catamaran Blue Magic Cat&#8221; _builder_version=&#8221;4.24.0&#8243; _module_preset=&#8221;default&#8221; global_colors_info=&#8221;{}&#8221;][\/et_pb_image][et_pb_cta title=&#8221;Passeig amb catamar\u00e0 de 2h, 3h o 4h&#8221; button_url=&#8221;https:\/\/bluemagiccat.com\/ca\/sortides-amb-catamara-per-barcelona\/#salidas-2-horas&#8221; button_text=&#8221;Reservar&#8221; module_class=&#8221;columna-home-activitats&#8221; _builder_version=&#8221;4.24.0&#8243; _module_preset=&#8221;default&#8221; header_level=&#8221;h3&#8243; custom_padding=&#8221;10px|10px|20px|15px|false|false&#8221; custom_css_main_element=&#8221;h2,h3 {||  text-transform:none!important||    ||}&#8221; global_colors_info=&#8221;{}&#8221;]<\/p>\n<p>Relaxa&#8217;t per la costa de Barcelona en un catamar\u00e0. Ideal per a grups, esdeveniments i celebracions.<\/p>\n<p>[\/et_pb_cta][\/et_pb_column][et_pb_column type=&#8221;1_4&#8243; _builder_version=&#8221;4.22.2&#8243; _module_preset=&#8221;default&#8221; background_color=&#8221;rgba(147,191,186,0.62)&#8221; border_radii=&#8221;on|5px|5px|5px|5px&#8221; global_colors_info=&#8221;{}&#8221;][et_pb_image src=&#8221;https:\/\/bluemagiccat.com\/wp-content\/uploads\/2023\/10\/Evento-para-empresas-Catamaran-Blue-Magic-Cat.jpg&#8221; alt=&#8221;Catamar\u00e0 a Barcelona per a empreses&#8221; title_text=&#8221;Esdeveniment per a empreses Catamaran Blue Magic Cat&#8221; _builder_version=&#8221;4.24.0&#8243; _module_preset=&#8221;default&#8221; global_colors_info=&#8221;{}&#8221;][\/et_pb_image][et_pb_cta title=&#8221;Esdeveniments per a empreses&#8221; button_url=&#8221;https:\/\/bluemagiccat.com\/ca\/sortides-amb-catamara-per-barcelona\/#eventos-para-empresas&#8221; button_text=&#8221;Team building&#8221; module_class=&#8221;columna-home-activitats&#8221; _builder_version=&#8221;4.24.0&#8243; _module_preset=&#8221;default&#8221; header_level=&#8221;h3&#8243; custom_padding=&#8221;10px|10px|20px|15px|false|false&#8221; custom_css_main_element=&#8221;h2,h3 {||  text-transform:none!important||    ||}&#8221; global_colors_info=&#8221;{}&#8221;]<\/p>\n<p>Les activitats de team building perfectes per unir les persones.<\/p>\n<p>[\/et_pb_cta][\/et_pb_column][et_pb_column type=&#8221;1_4&#8243; _builder_version=&#8221;4.22.2&#8243; _module_preset=&#8221;default&#8221; background_color=&#8221;rgba(147,191,186,0.62)&#8221; border_radii=&#8221;on|5px|5px|5px|5px&#8221; global_colors_info=&#8221;{}&#8221;][et_pb_image src=&#8221;https:\/\/bluemagiccat.com\/wp-content\/uploads\/2023\/11\/Pesca-Sostenible-Catch-and-Release-BlueMagicCat-Charters-BCN.jpg&#8221; title_text=&#8221;Pesca Sostenible Catch and Release BlueMagicCat Charters BCN&#8221; _builder_version=&#8221;4.22.2&#8243; _module_preset=&#8221;default&#8221; global_colors_info=&#8221;{}&#8221;][\/et_pb_image][et_pb_cta title=&#8221;Pesca sostenible &#8211; \u201cCATCH &#038; RELEASE\u201d&#8221; button_url=&#8221;https:\/\/bluemagiccat.com\/ca\/sortides-amb-catamara-per-barcelona\/#pesca-sostenible&#8221; button_text=&#8221;Activitats de pesca&#8221; module_class=&#8221;columna-home-activitats&#8221; _builder_version=&#8221;4.24.0&#8243; _module_preset=&#8221;default&#8221; header_level=&#8221;h3&#8243; custom_padding=&#8221;10px|10px|20px|15px|false|false&#8221; custom_css_main_element=&#8221;h2,h3 {||  text-transform:none!important||    ||}&#8221; global_colors_info=&#8221;{}&#8221;]<\/p>\n<p>Un pescador professional ens acompanyar\u00e0 a bord.<\/p>\n<p>[\/et_pb_cta][\/et_pb_column][et_pb_column type=&#8221;1_4&#8243; _builder_version=&#8221;4.22.2&#8243; _module_preset=&#8221;default&#8221; background_color=&#8221;rgba(147,191,186,0.62)&#8221; border_radii=&#8221;on|5px|5px|5px|5px&#8221; global_colors_info=&#8221;{}&#8221;][et_pb_image src=&#8221;https:\/\/bluemagiccat.com\/wp-content\/uploads\/2023\/10\/Fiesta-privada-en-Catamaran-Blue-Magic-Cat.jpg&#8221; title_text=&#8221;Festa privada en Catamar\u00e0 Blue Magic Cat&#8221; _builder_version=&#8221;4.22.2&#8243; _module_preset=&#8221;default&#8221; global_colors_info=&#8221;{}&#8221;][\/et_pb_image][et_pb_cta title=&#8221;Catamar\u00e0 a Barcelona a mida&#8221; button_url=&#8221;https:\/\/bluemagiccat.com\/ca\/sortides-amb-catamara-per-barcelona\/#fiesta-privada&#8221; button_text=&#8221;Esdeveniments en catamar\u00e0&#8221; module_class=&#8221;columna-home-activitats&#8221; _builder_version=&#8221;4.24.0&#8243; _module_preset=&#8221;default&#8221; header_level=&#8221;h3&#8243; custom_padding=&#8221;10px|10px|20px|15px|false|false&#8221; custom_css_main_element=&#8221;h2,h3 {||  text-transform:none!important||    ||}&#8221; global_colors_info=&#8221;{}&#8221;]<\/p>\n<p>Celebra les teves festes a bord d&#8217;un catamar\u00e0 privat a Barcelona amb tots els teus amics.<\/p>\n<p>[\/et_pb_cta][\/et_pb_column][\/et_pb_row][\/et_pb_section][et_pb_section fb_built=&#8221;1&#8243; _builder_version=&#8221;4.24.0&#8243; _module_preset=&#8221;default&#8221; background_image=&#8221;https:\/\/bluemagiccat.com\/wp-content\/uploads\/2023\/11\/Open-Tours-de-Blue-Magic-Cat-scaled-1.jpg&#8221; min_height=&#8221;50vh&#8221; global_colors_info=&#8221;{}&#8221;][et_pb_row _builder_version=&#8221;4.22.2&#8243; _module_preset=&#8221;default&#8221; positioning=&#8221;absolute&#8221; position_origin_a=&#8221;center_center&#8221; position_origin_a_tablet=&#8221;center_center&#8221; position_origin_a_phone=&#8221;center_center&#8221; position_origin_a_last_edited=&#8221;on|desktop&#8221; position_origin_f_tablet=&#8221;&#8221; position_origin_f_phone=&#8221;&#8221; position_origin_f_last_edited=&#8221;on|desktop&#8221; position_origin_r_tablet=&#8221;&#8221; position_origin_r_phone=&#8221;&#8221; position_origin_r_last_edited=&#8221;on|desktop&#8221; positioning_tablet=&#8221;none&#8221; positioning_phone=&#8221;none&#8221; positioning_last_edited=&#8221;on|phone&#8221; global_colors_info=&#8221;{}&#8221;][et_pb_column type=&#8221;4_4&#8243; _builder_version=&#8221;4.22.2&#8243; _module_preset=&#8221;default&#8221; global_colors_info=&#8221;{}&#8221;][et_pb_cta title=&#8221;Open tours per a tu, amb la teva parella o amb amics&#8221; button_url=&#8221;https:\/\/bluemagiccat.com\/ca\/open-tours-activitats-en-catamara-a-barcelona\/&#8221; button_text=&#8221;Veure Open Tours&#8221; _builder_version=&#8221;4.24.0&#8243; _dynamic_attributes=&#8221;link_option_url&#8221; _module_preset=&#8221;default&#8221; text_orientation=&#8221;center&#8221; background_layout=&#8221;dark&#8221; link_option_url=&#8221;@ET-DC@eyJkeW5hbWljIjp0cnVlLCJjb250ZW50IjoicG9zdF9saW5rX3VybF9wYWdlIiwic2V0dGluZ3MiOnsicG9zdF9pZCI6IjE0NiIsImVuYWJsZV9odG1sIjoib2ZmIn19@&#8221; global_colors_info=&#8221;{}&#8221;]<\/p>\n<p>Uneix-te als nostres open tours i gaudeix de l&#8217;skyline de la ciutat de Barcelona.<\/p>\n<p>Sempre tenim novetats per a tu!<\/p>\n<p>[\/et_pb_cta][\/et_pb_column][\/et_pb_row][\/et_pb_section][et_pb_section fb_built=&#8221;1&#8243; _builder_version=&#8221;4.22.2&#8243; _module_preset=&#8221;default&#8221; global_colors_info=&#8221;{}&#8221;][et_pb_row _builder_version=&#8221;4.24.0&#8243; _module_preset=&#8221;default&#8221; global_colors_info=&#8221;{}&#8221;][et_pb_column type=&#8221;4_4&#8243; _builder_version=&#8221;4.24.0&#8243; _module_preset=&#8221;default&#8221; global_colors_info=&#8221;{}&#8221;][dipi_carousel columns=&#8221;1&#8243; container_padding=&#8221;0px|0px|0px|0px|false|false&#8221; show_lightbox=&#8221;off&#8221; dynamic_bullets=&#8221;off&#8221; navigation_size=&#8221;28&#8243; navigation_padding=&#8221;16&#8243; navigation_color=&#8221;#FFFFFF&#8221; navigation_bg_color=&#8221;#15BEAA&#8221; navigation_circle=&#8221;on&#8221; navigation_position_left=&#8221;-60px&#8221; navigation_position_right=&#8221;-60px&#8221; pagination_position=&#8221;-45&#8243; pagination_color=&#8221;#15BEAA&#8221; pagination_active_color=&#8221;#15BEAA&#8221; columns_tablet=&#8221;1&#8243; columns_phone=&#8221;1&#8243; columns_last_edited=&#8221;on|tablet&#8221; space_between_phone=&#8221;10&#8243; space_between_last_edited=&#8221;off|desktop&#8221; thumbnail_height_phone=&#8221;25vh&#8221; thumbnail_height_last_edited=&#8221;off|tablet&#8221; navigation_position_left_tablet=&#8221;50px&#8221; navigation_position_left_phone=&#8221;10px&#8221; navigation_position_left_last_edited=&#8221;on|phone&#8221; navigation_position_right_tablet=&#8221;50px&#8221; navigation_position_right_phone=&#8221;10px&#8221; navigation_position_right_last_edited=&#8221;on|tablet&#8221; module_class=&#8221;carrussel-catamarans-home&#8221; _builder_version=&#8221;4.24.0&#8243; _module_preset=&#8221;default&#8221; global_colors_info=&#8221;{}&#8221;][dipi_carousel_child label=&#8221;alquila tu cat&#8221; img_src=&#8221;https:\/\/bluemagiccat.com\/wp-content\/uploads\/2024\/02\/Cat-Luxury-Blue-Magic-Cat-Catamaran-en-Barcelona6.jpg&#8221; title_text=&#8221;Reserva el teu catamar\u00e0 a Barcelona amb un toc extra&#8221; desc_text=&#8221;<\/p>\n<p>Personalitza la teva sortida a catamar\u00e0 amb els packs i serveis addicionals. Des de c\u00e0tering fins a m\u00fasica en viu.<\/p>\n<p>La decisi\u00f3 \u00e9s teva perqu\u00e8 no et falti de res!<\/p>\n<p>&#8221; show_button=&#8221;on&#8221; carousel_button_text=&#8221;Veure extres&#8221; button_link=&#8221;https:\/\/bluemagiccat.com\/ca\/sortides-amb-catamara-per-barcelona\/#extras&#8221; image_animation=&#8221;zoomin&#8221; img_width=&#8221;100%&#8221; _builder_version=&#8221;4.24.0&#8243; _module_preset=&#8221;default&#8221; title_level=&#8221;h3&#8243; global_colors_info=&#8221;{}&#8221;][\/dipi_carousel_child][\/dipi_carousel][\/et_pb_column][\/et_pb_row][\/et_pb_section]<\/p>\n","protected":false},"excerpt":{"rendered":"<p>LLOGUER DE CATAMAR\u00c0 ABARCELONA, Gaudeix del mar amb les nostres experi\u00e8nciesBarcelona ExperienceSortides en catamarans exclusius per la costa de Barcelona Sortides d&#8217;esdeveniments corporatius, activitats de Team Building per empreses, festes privades, comiats de solter\/a&#8230; Lloguer de catamar\u00e0 a Barcelona!Sorpr\u00e8n-te amb els packs que oferim. &nbsp;Llogueu un dels nostres catamarans<div class=\"et_pb_module dipi_carousel dipi_carousel_0\">\n\t\t\t\t\n\t\t\t\t\n\t\t\t\t\n\t\t\t\t\n\t\t\t\t\n\t\t\t\t\n\t\t\t\t<div class=\"et_pb_module_inner\">\n\t\t\t\t\t\n            <div class=\"dipi-carousel-main dipi_loading hide_lightbox hide_lightbox_tablet hide_lightbox_phone\" data-columnsdesktop='&#8221;1&#8243;' data-columnstablet='&#8221;1&#8243;' data-columnsphone='&#8221;1&#8243;' data-spacebetween='30' data-spacebetween_tablet='30' data-spacebetween_phone='30' data-speed='500|500|500' data-navigation='off' data-navigation_t='off' data-navigation_m='off' data-pagination='off' data-pagination_t='off' data-pagination_m='off' data-autoplay_settigns='{\"loop_wide\":\"&#8221;on&#8221;\",\"autoplay_wide\":\"off\",\"continues_wide\":\"off\",\"autoplay_reverse_wide\":\"off\",\"pause_on_hover_wide\":\"off\",\"autoplay_speed_wide\":\"5000\",\"loop_mid\":\"&#8221;on&#8221;\",\"autoplay_mid\":\"off\",\"continues_mid\":\"off\",\"autoplay_reverse_mid\":\"off\",\"pause_on_hover_mid\":\"off\",\"autoplay_speed_mid\":\"5000\",\"loop_small\":\"&#8221;on&#8221;\",\"autoplay_small\":\"off\",\"continues_small\":\"off\",\"autoplay_reverse_small\":\"off\",\"pause_on_hover_small\":\"off\",\"autoplay_speed_small\":\"5000\"}' data-effect='slide' data-rotate='50' data-dynamicbullets='on' data-ordernumber='0' data-centered='off' data-allow_touch_move='on' data-allow_touch_move_t='on' data-allow_touch_move_p='on' data-shadow='on' data-continues='off' style=\"display:none;\">\n                <div class=\"swiper-container\">\n                    <div class=\"dipi-carousel-wrapper\">\n                        \n                    <\/div>\n                <\/div>\n                <div class=\"swiper-button-next swiper-arrow-button dipi-sbn0 \" data-icon=\"9\"><\/div>\n                <div class=\"swiper-button-prev swiper-arrow-button dipi-sbp0 \" data-icon=\"8\"><\/div>\n                \n                <div class=\"swiper-container-horizontal\">\n                    <div class=\"swiper-pagination dipi-sp0\"><\/div>\n                <\/div>\n            <\/div>\n\t\t\t\t<\/div>\n\t\t\t<\/div><\/p>\n","protected":false},"author":2,"featured_media":0,"parent":0,"menu_order":0,"comment_status":"closed","ping_status":"closed","template":"","meta":{"_et_pb_use_builder":"on","_et_pb_old_content":"","_et_gb_content_width":"","_joinchat":[],"footnotes":""},"dipi_cpt_category":[],"class_list":["post-1558","page","type-page","status-publish","hentry"],"_links":{"self":[{"href":"https:\/\/bluemagiccat.com\/ca\/wp-json\/wp\/v2\/pages\/1558","targetHints":{"allow":["GET"]}}],"collection":[{"href":"https:\/\/bluemagiccat.com\/ca\/wp-json\/wp\/v2\/pages"}],"about":[{"href":"https:\/\/bluemagiccat.com\/ca\/wp-json\/wp\/v2\/types\/page"}],"author":[{"embeddable":true,"href":"https:\/\/bluemagiccat.com\/ca\/wp-json\/wp\/v2\/users\/2"}],"replies":[{"embeddable":true,"href":"https:\/\/bluemagiccat.com\/ca\/wp-json\/wp\/v2\/comments?post=1558"}],"version-history":[{"count":151,"href":"https:\/\/bluemagiccat.com\/ca\/wp-json\/wp\/v2\/pages\/1558\/revisions"}],"predecessor-version":[{"id":22988747,"href":"https:\/\/bluemagiccat.com\/ca\/wp-json\/wp\/v2\/pages\/1558\/revisions\/22988747"}],"wp:attachment":[{"href":"https:\/\/bluemagiccat.com\/ca\/wp-json\/wp\/v2\/media?parent=1558"}],"wp:term":[{"taxonomy":"dipi_cpt_category","embeddable":true,"href":"https:\/\/bluemagiccat.com\/ca\/wp-json\/wp\/v2\/dipi_cpt_category?post=1558"}],"curies":[{"name":"wp","href":"https:\/\/api.w.org\/{rel}","templated":true}]}}