{"id":1468,"date":"2023-10-18T08:59:20","date_gmt":"2023-10-18T06:59:20","guid":{"rendered":"https:\/\/bluemagiccat.com\/open-tours-activitats-en-catamara-a-barcelona\/"},"modified":"2025-11-25T17:06:36","modified_gmt":"2025-11-25T16:06:36","slug":"open-tours-activitats-en-catamara-a-barcelona","status":"publish","type":"page","link":"https:\/\/bluemagiccat.com\/ca\/open-tours-activitats-en-catamara-a-barcelona\/","title":{"rendered":"Open Tours, activitats en catamar\u00e0 a Barcelona"},"content":{"rendered":"<p>[et_pb_section fb_built=&#8221;1&#8243; _builder_version=&#8221;4.22.2&#8243; _module_preset=&#8221;f09114a1-963a-4056-8a50-d50a24047a85&#8243; background_color=&#8221;#9e9e9e&#8221; background_image=&#8221;https:\/\/bluemagiccat.com\/wp-content\/uploads\/2023\/10\/Actividades-en-catamaran-Catamaran-en-Barcelona-Blue-Magic-Cat-.jpg&#8221; global_colors_info=&#8221;{}&#8221;][et_pb_row _builder_version=&#8221;4.22.2&#8243; _module_preset=&#8221;32d9d43c-2124-406b-98f1-aad321829f5e&#8221; global_colors_info=&#8221;{}&#8221;][et_pb_column type=&#8221;4_4&#8243; _builder_version=&#8221;4.22.2&#8243; _module_preset=&#8221;default&#8221; global_colors_info=&#8221;{}&#8221;][et_pb_text _builder_version=&#8221;4.24.0&#8243; _module_preset=&#8221;7e06c2ef-73a8-4004-951f-8979342f9989&#8243; global_colors_info=&#8221;{}&#8221;]<\/p>\n<h1><strong>Open tours<\/strong><\/h1>\n<h2>activitats en catamar\u00e0 a Barcelona<\/h2>\n<p><span style=\"font-weight: 400;\">Tant si vens sol\/sola, amb la teva parella o sou un grup petit, uneix-te als nostres <\/span><i><span style=\"font-weight: 400;\">open tours<\/span><\/i><span style=\"font-weight: 400;\">.<br \/>Coneix gent a BlueMagicCat i gaudeix de l&#8217;skyline de Barcelona.<\/span><span style=\"font-weight: 400;\"><\/span><\/p>\n<p><span style=\"font-weight: 400;\">Sempre tenim novetats per a tu!<\/span><\/p>\n<p>[\/et_pb_text][\/et_pb_column][\/et_pb_row][\/et_pb_section][et_pb_section fb_built=&#8221;1&#8243; _builder_version=&#8221;4.22.2&#8243; _module_preset=&#8221;default&#8221; global_colors_info=&#8221;{}&#8221;][et_pb_row column_structure=&#8221;1_2,1_2&#8243; _builder_version=&#8221;4.22.2&#8243; _module_preset=&#8221;c9fee520-767b-45cd-a8f3-df0c018a310f&#8221; min_height=&#8221;335.8px&#8221; custom_margin=&#8221;40px|auto|40px|auto||&#8221; locked=&#8221;off&#8221; global_colors_info=&#8221;{}&#8221;][et_pb_column type=&#8221;1_2&#8243; _builder_version=&#8221;4.22.2&#8243; _module_preset=&#8221;default&#8221; global_colors_info=&#8221;{}&#8221;][et_pb_cta title=&#8221;Open Sunset&#8221; button_url=&#8221;https:\/\/fareharbor.com\/embeds\/book\/bluemagiccat\/?full-items=yes&#038;flow=1518904&#8243; button_text=&#8221;Reserva Ara&#8221; _builder_version=&#8221;4.25.1&#8243; _module_preset=&#8221;b4da8da9-6cff-4b1a-93ca-2cbe6d97eb54&#8243; body_font=&#8221;|300|||||||&#8221; button_alignment=&#8221;right&#8221; hover_enabled=&#8221;0&#8243; global_colors_info=&#8221;{}&#8221; link_option_url=&#8221;https:\/\/fareharbor.com\/embeds\/book\/bluemagiccat\/?full-items=yes&#038;flow=1518904&#8243; sticky_enabled=&#8221;0&#8243;]<\/p>\n<h4>La posta de sol des del mar<\/h4>\n<p>La <strong>posta de Sol<\/strong> amb la ciutat de Barcelona de fons, mai no havia estat m\u00e9s bonica. I si afegeixes que totes aquestes vistes les pots tenir des del mar, \u00e9s un somni fet realitat.<\/p>\n<p>&nbsp;<\/p>\n<h4 style=\"text-align: right;\">59\u20ac\/pers. (1h 30min)<\/h4>\n<p>[\/et_pb_cta][\/et_pb_column][et_pb_column type=&#8221;1_2&#8243; _builder_version=&#8221;4.22.2&#8243; _module_preset=&#8221;default&#8221; global_colors_info=&#8221;{}&#8221;][et_pb_image src=&#8221;https:\/\/bluemagiccat.com\/wp-content\/uploads\/2023\/11\/Open-Sunsent-en-catamaran-por-Barcelona-BMC.jpg&#8221; title_text=&#8221;Open-Sunsent-en-catamara-per-Barcelona-BMC&#8221; _builder_version=&#8221;4.22.2&#8243; _module_preset=&#8221;default&#8221; global_colors_info=&#8221;{}&#8221;][\/et_pb_image][\/et_pb_column][\/et_pb_row][et_pb_row column_structure=&#8221;1_2,1_2&#8243; _builder_version=&#8221;4.22.2&#8243; _module_preset=&#8221;c9fee520-767b-45cd-a8f3-df0c018a310f&#8221; locked=&#8221;off&#8221; global_colors_info=&#8221;{}&#8221;][et_pb_column type=&#8221;1_2&#8243; _builder_version=&#8221;4.22.2&#8243; _module_preset=&#8221;default&#8221; global_colors_info=&#8221;{}&#8221;][et_pb_cta title=&#8221;Open Live music&#8221; button_url=&#8221;https:\/\/bluemagiccat.com\/ca\/contacte-bluemagiccat-atencio-al-client\/&#8221; button_text=&#8221;Consultar disponibilitat&#8221; _builder_version=&#8221;4.24.0&#8243; _module_preset=&#8221;b4da8da9-6cff-4b1a-93ca-2cbe6d97eb54&#8243; body_font=&#8221;|300|||||||&#8221; button_alignment=&#8221;right&#8221; global_colors_info=&#8221;{}&#8221;]<\/p>\n<h4>Passeig amb vaixell i m\u00fasica en directe<\/h4>\n<p>Afegeix <strong>m\u00fasica en viu<\/strong> a la teva experi\u00e8ncia i contempla la costa de Barcelona a bord d&#8217;un dels nostres catamarans.<\/p>\n<p>&nbsp;<\/p>\n<h4 style=\"text-align: right;\">89\u20ac\/pers. (2 hores)<\/h4>\n<p>[\/et_pb_cta][\/et_pb_column][et_pb_column type=&#8221;1_2&#8243; _builder_version=&#8221;4.22.2&#8243; _module_preset=&#8221;default&#8221; global_colors_info=&#8221;{}&#8221;][et_pb_image src=&#8221;https:\/\/bluemagiccat.com\/wp-content\/uploads\/2023\/11\/Open-Live-Music-BlueMagicCat-Charters-BCN.jpg&#8221; title_text=&#8221;Open-Live-Music-BlueMagicCat-Charters-BCN&#8221; _builder_version=&#8221;4.22.2&#8243; _module_preset=&#8221;default&#8221; global_colors_info=&#8221;{}&#8221;][\/et_pb_image][\/et_pb_column][\/et_pb_row][\/et_pb_section][et_pb_section fb_built=&#8221;1&#8243; _builder_version=&#8221;4.22.2&#8243; _module_preset=&#8221;default&#8221; background_color=&#8221;#FAFAFF&#8221; locked=&#8221;off&#8221; global_colors_info=&#8221;{}&#8221;][et_pb_row _builder_version=&#8221;4.22.2&#8243; _module_preset=&#8221;default&#8221; global_colors_info=&#8221;{}&#8221;][et_pb_column type=&#8221;4_4&#8243; _builder_version=&#8221;4.22.2&#8243; _module_preset=&#8221;default&#8221; global_colors_info=&#8221;{}&#8221;][et_pb_cta title=&#8221;Llogar catamar\u00e0 a Barcelona!&#8221; button_url=&#8221;https:\/\/booking.chartersbcn.com\/es\/actividad\/17031\/&#8221; url_new_window=&#8221;on&#8221; button_text=&#8221;Escollir catamar\u00e0&#8221; _builder_version=&#8221;4.24.0&#8243; _module_preset=&#8221;default&#8221; text_orientation=&#8221;center&#8221; global_colors_info=&#8221;{}&#8221;]<\/p>\n<p>Si ens dius quins s\u00f3n els teus desitjos, nosaltres els fem realitat.<br \/>Converteix una jornada amb catamar\u00e0 en una experi\u00e8ncia \u00fanica, diferent i personalitzada.<\/p>\n<p>[\/et_pb_cta][\/et_pb_column][\/et_pb_row][\/et_pb_section]<\/p>\n","protected":false},"excerpt":{"rendered":"<p>Open tours activitats en catamar\u00e0 a Barcelona Tant si vens sol\/sola, amb la teva parella o sou un grup petit, uneix-te als nostres open tours.Coneix gent a BlueMagicCat i gaudeix de l&#8217;skyline de Barcelona. Sempre tenim novetats per a tu!La posta de sol des del mar La posta de Sol amb la ciutat de Barcelona [&hellip;]<\/p>\n","protected":false},"author":2,"featured_media":0,"parent":0,"menu_order":0,"comment_status":"closed","ping_status":"closed","template":"","meta":{"_et_pb_use_builder":"on","_et_pb_old_content":"","_et_gb_content_width":"","_joinchat":[],"footnotes":""},"dipi_cpt_category":[],"class_list":["post-1468","page","type-page","status-publish","hentry"],"_links":{"self":[{"href":"https:\/\/bluemagiccat.com\/ca\/wp-json\/wp\/v2\/pages\/1468","targetHints":{"allow":["GET"]}}],"collection":[{"href":"https:\/\/bluemagiccat.com\/ca\/wp-json\/wp\/v2\/pages"}],"about":[{"href":"https:\/\/bluemagiccat.com\/ca\/wp-json\/wp\/v2\/types\/page"}],"author":[{"embeddable":true,"href":"https:\/\/bluemagiccat.com\/ca\/wp-json\/wp\/v2\/users\/2"}],"replies":[{"embeddable":true,"href":"https:\/\/bluemagiccat.com\/ca\/wp-json\/wp\/v2\/comments?post=1468"}],"version-history":[{"count":23,"href":"https:\/\/bluemagiccat.com\/ca\/wp-json\/wp\/v2\/pages\/1468\/revisions"}],"predecessor-version":[{"id":22988760,"href":"https:\/\/bluemagiccat.com\/ca\/wp-json\/wp\/v2\/pages\/1468\/revisions\/22988760"}],"wp:attachment":[{"href":"https:\/\/bluemagiccat.com\/ca\/wp-json\/wp\/v2\/media?parent=1468"}],"wp:term":[{"taxonomy":"dipi_cpt_category","embeddable":true,"href":"https:\/\/bluemagiccat.com\/ca\/wp-json\/wp\/v2\/dipi_cpt_category?post=1468"}],"curies":[{"name":"wp","href":"https:\/\/api.w.org\/{rel}","templated":true}]}}