{"id":1129,"date":"2023-05-08T10:16:14","date_gmt":"2023-05-08T08:16:14","guid":{"rendered":"https:\/\/bluemagiccat.com\/politica-de-privadesa\/"},"modified":"2024-04-23T10:50:32","modified_gmt":"2024-04-23T08:50:32","slug":"politica-de-privadesa","status":"publish","type":"page","link":"https:\/\/bluemagiccat.com\/ca\/politica-de-privadesa\/","title":{"rendered":"Pol\u00edtica de privadesa"},"content":{"rendered":"<p>[et_pb_section fb_built=&#8221;1&#8243; _builder_version=&#8221;4.16&#8243; global_colors_info=&#8221;{}&#8221;][et_pb_row _builder_version=&#8221;4.16&#8243; background_size=&#8221;initial&#8221; background_position=&#8221;top_left&#8221; background_repeat=&#8221;repeat&#8221; global_colors_info=&#8221;{}&#8221;][et_pb_column type=&#8221;4_4&#8243; _builder_version=&#8221;4.16&#8243; custom_padding=&#8221;|||&#8221; global_colors_info=&#8221;{}&#8221; custom_padding__hover=&#8221;|||&#8221;][et_pb_text _builder_version=&#8221;4.22.2&#8243; background_size=&#8221;initial&#8221; background_position=&#8221;top_left&#8221; background_repeat=&#8221;repeat&#8221; global_colors_info=&#8221;{}&#8221;]<\/p>\n<h1>Pol\u00edtica de privadesa<\/h1>\n<h2>PROTECCI\u00d3 DE DADES PERSONALS<\/h2>\n<p>El prove\u00efdor est\u00e0 profundament comprom\u00e8s amb el compliment de la normativa EUROPEA de protecci\u00f3 de dades personals, garantint el compliment complet de les obligacions establertes, aix\u00ed com la implementaci\u00f3 de les mesures de seguretat disposades al Reglament de Desenvolupament de la RGPD.<\/p>\n<p>El prove\u00efdor posa a disposici\u00f3 dels usuaris la Pol\u00edtica de Privadesa de l&#8217;entitat, informant els usuaris sobre els aspectes seg\u00fcents:<\/p>\n<p>Dades del responsable del tractament: Charters BCN 2013 SL<br \/>Dades tractades: Adre\u00e7a de correu electr\u00f2nic, nom, NIF, adre\u00e7a postal<br \/>Fitxer on s&#8217;emmagatzemen: base de dades interna.<br \/>Finalitat del tractament: comercial.<br \/>Obligatorietat o no de proporcionar-los, aix\u00ed com les conseq\u00fc\u00e8ncies en cas de no proporcionar-los: L&#8217;usuari \u00e9s lliure de proporcionar el correu electr\u00f2nic si aix\u00ed ho desitja per rebre not\u00edcies.<br \/>Sobre els drets que assisteixen tots els usuaris i el procediment per exercitar-los. A trav\u00e9s del correu electr\u00f2nic <a href=\"mailto:info@bluemagiccat.com\"><span>info@bluemagiccat.com<\/span><\/a> des de l&#8217;adre\u00e7a de correu electr\u00f2nic proporcionada, els usuaris poden exercir els drets de baixa o cancel\u00b7laci\u00f3 de dades.<\/p>\n<h2>QUINES DADES RECOLLIM?<\/h2>\n<p>Quan et poses en contacte amb Charters BCN 2013 SL, ja sigui per sol\u00b7licitar informaci\u00f3 sobre els nostres productes o serveis o per convertir-te en el nostre client, necessitem tractar les dades personals. En general sol\u00b7licitem aquestes dades d&#8217;identificaci\u00f3: nom, cognoms, nom comercial, NIF, localitat, pa\u00eds i tel\u00e8fon. Aquestes dades no s\u00f3n obligat\u00f2ries, i fins i tot \u00e9s possible registrar-se nom\u00e9s amb un nom i un correu electr\u00f2nic. A m\u00e9s, recopilem les dades de navegaci\u00f3 seg\u00fcents: adre\u00e7a IP de connexi\u00f3 a Internet, caracter\u00edstiques del dispositiu, idioma de prefer\u00e8ncia, pa\u00eds d&#8217;ubicaci\u00f3 i dades de la sessi\u00f3 (domini de refer\u00e8ncia, p\u00e0gines visitades, data i hora d&#8217;acc\u00e9s al lloc web). Aquestes dades les obtenim del registre de la nostra web, el nostre bloc i el nostre servei datenci\u00f3 al client i ajuda.<\/p>\n<h2>QUIN \u00daS DONEM A AQUESTES DADES?<\/h2>\n<p>Utilitzem les dades per a les seg\u00fcents finalitats:<\/p>\n<p>Si sol\u00b7liciteu informaci\u00f3, per proporcionar una oferta comercial dels serveis que oferim.<br \/>Per oferir el servei de facturaci\u00f3 en cas que es cre\u00ef un compte.<br \/>Per fer estad\u00edstiques i informes de mercat.<br \/>Per analitzar el comportament de navegaci\u00f3 i acc\u00e9s dels usuaris als nostres llocs web i aplicacions.<br \/>Per oferir nous serveis propis que puguin ser interessants pels nostres usuaris.<br \/>A trav\u00e9s de galetes i codis de seguiment incorporats a la nostra web i aplicacions, recopilem informaci\u00f3 per millorar l&#8217;experi\u00e8ncia de l&#8217;usuari.<br \/>Abans d&#8217;utilitzar els nostres llocs web, se us informar\u00e0 sobre la nostra pol\u00edtica de galetes. Les galetes s\u00f3n importants per al funcionament correcte d&#8217;un lloc web. Utilitzem cookies per millorar la teva experi\u00e8ncia com a usuari i per fer estad\u00edstiques. Pots trobar m\u00e9s informaci\u00f3 a la nostra <a href=\"https:\/\/bluemagiccat.com\/ca\/politica-de-galetes\/\">pol\u00edtica de galetes.<\/a><\/p>\n<h2>COMPARTIM O CEDIM LES TEVES DADES?<\/h2>\n<p>No. Charters BCN 2013 SL no compartir\u00e0 les teves dades personals amb cap empresa, tret que siguin requerides per terceres empreses o prove\u00efdors de Charters BCN 2013 SL per oferir els nostres serveis. Aquestes dades seran estrictament necess\u00e0ries perqu\u00e8 Charters BCN 2013 SL pugui oferir els seus productes o serveis, i ni Charters BCN 2013 SL ni les terceres empreses faran un \u00fas de les dades diferents del que indica aquesta pol\u00edtica o l&#8217;Acord de Servei, en cas de contractar efectivament el servei de Charters BCN 2013 SL.<\/p>\n<p>Ens comprometem a informar-te de qualsevol canvi corporatiu que impliqui una titularitat nova de les dades que ens has confiat, donant-te l&#8217;opci\u00f3 d&#8217;exercir els teus drets.<\/p>\n<h2>ESTAN LES MEVES DADES ASSEGURANCES A CHARTERS BCN 2013 SL?<\/h2>\n<p>Charters BCN 2013 SL ha implementat tots els sistemes i mesures t\u00e8cniques i organitzatives a la seva disposici\u00f3, tal com preveu la normativa de protecci\u00f3 de dades personals, per prevenir la p\u00e8rdua, l&#8217;\u00fas indegut, l&#8217;alteraci\u00f3, l&#8217;acc\u00e9s no autoritzat i el robatori dades personals proporcionades per l&#8217;usuari o visitant.<\/p>\n<p>Totes les comunicacions amb Charters BCN 2013 SL es fan en un canal segur mitjan\u00e7ant xifrat de 256 bits, el mateix nivell de seguretat utilitzat pels bancs m\u00e9s avan\u00e7ats.<\/p>\n<p>Els servidors del prove\u00efdor de serveis d&#8217;allotjament es troben a Europa, garantint alts est\u00e0ndards de seguretat tant a la seguretat f\u00edsica de les instal\u00b7lacions com a les c\u00f2pies de seguretat, la seguretat de la xarxa i els serveis d&#8217;emmagatzematge.<\/p>\n<h2>QUINS S\u00d3N ELS MEUS DRETS?<\/h2>\n<p>Dret a ser informat: En aquesta secci\u00f3 us informarem sobre els vostres drets en relaci\u00f3 amb les dades que recopilem.<br \/>Dret d&#8217;acc\u00e9s: Aquest dret us permet con\u00e8ixer quines dades vostres estan sent tractades, amb quins fins, el seu origen i si s&#8217;han comunicat o es comunicaran a tercers.<br \/>Dret de rectificaci\u00f3: Tens la possibilitat de modificar les teves dades quan estiguin incompletes o siguin inexactes.<br \/>Dret d&#8217;oposici\u00f3: \u00c9s el teu dret a oposar-te al tractament de les dades personals quan hi hagi motius relacionats amb la teva situaci\u00f3 personal que justifiquin el cessament del tractament de les dades (llevat que es compleixin les excepcions que estableix la legislaci\u00f3).<br \/>Dret a l&#8217;oblit: \u00c9s el dret que se suprimeixin les teves dades quan hagi desaparegut la ra\u00f3 per qu\u00e8 les vas proporcionar, quan el tractament no sigui l\u00edcit per no haver-se recopilat adequadament o quan retiris el teu consentiment, entre altres sup\u00f2sits que estableix la llei.<br \/>Dret a la limitaci\u00f3 del tractament: Aquest dret us permet sol\u00b7licitar i obtenir del responsable del tractament o arxiu la limitaci\u00f3 del tractament de les vostres dades personals en cas d&#8217;inexactitud, il\u00b7licitud, reclamacions o oposici\u00f3, entre altres escenaris.<br \/>Dret a la portabilitat: Pots rebre les teves dades en un format estructurat, d\u00fas com\u00fa i lectura mec\u00e0nica, i transmetre-les a un altre responsable, sempre que sigui t\u00e8cnicament possible.<br \/>Dret a no ser objecte de decisions automatitzades individuals: Per evitar que prenguem decisions sobre tu basades \u00fanicament en el tractament automatitzat de les teves dades que tinguin efectes legals o t&#8217;afectin de manera semblant.<br \/>Podeu exercir qualsevol d&#8217;aquests drets a trav\u00e9s del servei de correu electr\u00f2nic <a href=\"mailto:info@bluemagiccat.com\"><span>info@bluemagiccat.com.<\/span><\/a><\/p>\n<h2>PROPIETAT INTEL\u00b7LECTUAL<\/h2>\n<p>El lloc web, incloent-hi, a t\u00edtol enunciatiu per\u00f2 no limitatiu, la seva programaci\u00f3, edici\u00f3, compilaci\u00f3 i altres elements necessaris per al seu funcionament, els dissenys, logotips, text i\/o gr\u00e0fics s\u00f3n propietat del prove\u00efdor o, si escau, compten amb llic\u00e8ncia o autoritzaci\u00f3 expressa per part dels autors. Tots els continguts del lloc web estan degudament protegits per la normativa de propietat intel\u00b7lectual i industrial, aix\u00ed com inscrits als registres p\u00fablics corresponents.<\/p>\n<p>Independentment de la finalitat per a la qual fossin destinats, la reproducci\u00f3 total o parcial, \u00fas, explotaci\u00f3, distribuci\u00f3 i comercialitzaci\u00f3 requereixen en tot cas lautoritzaci\u00f3 escrita pr\u00e8via per part del prove\u00efdor. Qualsevol \u00fas no autoritzat pr\u00e8viament per part del prove\u00efdor ser\u00e0 considerat una infracci\u00f3 greu dels drets de propietat intel\u00b7lectual o industrial de lautor.<\/p>\n<p>Els dissenys, logotips, text i\/o gr\u00e0fics aliens al prove\u00efdor i que puguin apar\u00e8ixer al lloc web pertanyen als seus respectius propietaris, sent ells mateixos responsables de qualsevol possible controv\u00e8rsia que es pugui suscitar respecte a aquests. En tot cas, el prove\u00efdor compta amb lautoritzaci\u00f3 expressa i pr\u00e8via per part dels mateixos.<\/p>\n<p>El prove\u00efdor autoritza expressament que tercers puguin redirigir directament els continguts espec\u00edfics del lloc web, i en tot cas, redirigir al lloc web principal del prove\u00efdor.<\/p>\n<p>El prove\u00efdor reconeix a favor dels seus titulars els corresponents drets de propietat industrial i intel\u00b7lectual, i no implica la seva sola menci\u00f3 o aparici\u00f3 al lloc web l&#8217;exist\u00e8ncia de drets o responsabilitat del prestador sobre aquests, ni suport, patrocini o recomanaci\u00f3 per part del mateix.<\/p>\n<p>Per realitzar qualsevol tipus d&#8217;observaci\u00f3 respecte a possibles incompliments dels drets de propietat intel\u00b7lectual o industrial, aix\u00ed com sobre qualsevol dels continguts del lloc web, podeu fer-ho a trav\u00e9s del seg\u00fcent correu electr\u00f2nic (<a href=\"mailto:info@bluemagiccat.com\"><span>info@bluemagiccat.com<\/span><\/a>).<\/p>\n<h2>LLEI APLICABLE I JURISDICCI\u00d3<\/h2>\n<p>Per a la resoluci\u00f3 de totes les controv\u00e8rsies o q\u00fcestions relacionades amb aquest lloc web o les activitats que s&#8217;hi desenvolupin, ser\u00e0 aplicable la legislaci\u00f3 espanyola, a la qual se sotmeten expressament les parts, sent competents per a la resoluci\u00f3 de tots els conflictes derivats o relacionats amb el seu \u00fas els jutjats i els tribunals de Girona.<\/p>\n<p>[\/et_pb_text][\/et_pb_column][\/et_pb_row][\/et_pb_section]<\/p>\n","protected":false},"excerpt":{"rendered":"<p>Pol\u00edtica de privadesa PROTECCI\u00d3 DE DADES PERSONALS El prove\u00efdor est\u00e0 profundament comprom\u00e8s amb el compliment de la normativa EUROPEA de protecci\u00f3 de dades personals, garantint el compliment complet de les obligacions establertes, aix\u00ed com la implementaci\u00f3 de les mesures de seguretat disposades al Reglament de Desenvolupament de la RGPD. El prove\u00efdor posa a disposici\u00f3 dels [&hellip;]<\/p>\n","protected":false},"author":2,"featured_media":0,"parent":0,"menu_order":0,"comment_status":"closed","ping_status":"closed","template":"","meta":{"_et_pb_use_builder":"on","_et_pb_old_content":"","_et_gb_content_width":"","_joinchat":[],"footnotes":""},"dipi_cpt_category":[],"class_list":["post-1129","page","type-page","status-publish","hentry"],"_links":{"self":[{"href":"https:\/\/bluemagiccat.com\/ca\/wp-json\/wp\/v2\/pages\/1129","targetHints":{"allow":["GET"]}}],"collection":[{"href":"https:\/\/bluemagiccat.com\/ca\/wp-json\/wp\/v2\/pages"}],"about":[{"href":"https:\/\/bluemagiccat.com\/ca\/wp-json\/wp\/v2\/types\/page"}],"author":[{"embeddable":true,"href":"https:\/\/bluemagiccat.com\/ca\/wp-json\/wp\/v2\/users\/2"}],"replies":[{"embeddable":true,"href":"https:\/\/bluemagiccat.com\/ca\/wp-json\/wp\/v2\/comments?post=1129"}],"version-history":[{"count":6,"href":"https:\/\/bluemagiccat.com\/ca\/wp-json\/wp\/v2\/pages\/1129\/revisions"}],"predecessor-version":[{"id":22988443,"href":"https:\/\/bluemagiccat.com\/ca\/wp-json\/wp\/v2\/pages\/1129\/revisions\/22988443"}],"wp:attachment":[{"href":"https:\/\/bluemagiccat.com\/ca\/wp-json\/wp\/v2\/media?parent=1129"}],"wp:term":[{"taxonomy":"dipi_cpt_category","embeddable":true,"href":"https:\/\/bluemagiccat.com\/ca\/wp-json\/wp\/v2\/dipi_cpt_category?post=1129"}],"curies":[{"name":"wp","href":"https:\/\/api.w.org\/{rel}","templated":true}]}}