{"id":1117,"date":"2023-12-15T09:05:26","date_gmt":"2023-12-15T08:05:26","guid":{"rendered":"https:\/\/bluemagiccat.com\/politica-de-galetes\/"},"modified":"2024-04-23T10:49:54","modified_gmt":"2024-04-23T08:49:54","slug":"politica-de-galetes","status":"publish","type":"page","link":"https:\/\/bluemagiccat.com\/ca\/politica-de-galetes\/","title":{"rendered":"Pol\u00edtica de galetes"},"content":{"rendered":"<p>[et_pb_section fb_built=&#8221;1&#8243; _builder_version=&#8221;4.16&#8243; global_colors_info=&#8221;{}&#8221;][et_pb_row _builder_version=&#8221;4.16&#8243; background_size=&#8221;initial&#8221; background_position=&#8221;top_left&#8221; background_repeat=&#8221;repeat&#8221; global_colors_info=&#8221;{}&#8221;][et_pb_column type=&#8221;4_4&#8243; _builder_version=&#8221;4.16&#8243; custom_padding=&#8221;|||&#8221; global_colors_info=&#8221;{}&#8221; custom_padding__hover=&#8221;|||&#8221;][et_pb_text _builder_version=&#8221;4.24.0&#8243; background_size=&#8221;initial&#8221; background_position=&#8221;top_left&#8221; background_repeat=&#8221;repeat&#8221; global_colors_info=&#8221;{}&#8221;]<\/p>\n<h1>Pol\u00edtica de galetes<\/h1>\n<h2>Sobre aquesta pol\u00edtica de galetes.<\/h2>\n<p>Aquest lloc web utilitza cookies pr\u00f2pies i de tercers per oferir-vos una millor experi\u00e8ncia i servei. En navegar o utilitzar els nostres serveis, l&#8217;usuari accepta l&#8217;\u00fas que fem de les galetes. No obstant aix\u00f2, l&#8217;usuari t\u00e9 l&#8217;opci\u00f3 d&#8217;impedir la generaci\u00f3 de cookies i eliminar-les mitjan\u00e7ant la selecci\u00f3 de la corresponent. Per obtenir m\u00e9s informaci\u00f3 sobre qui som, com poden contactar amb nosaltres i com processem les vostres dades personals, consulteu la nostra <a href=\"https:\/\/bluemagiccat.com\/ca\/politica-de-privadesa\/\">Pol\u00edtica de privadesa.<\/a><br \/>El seu consentiment s&#8217;aplica als dominis seg\u00fcents: <a href=\"https:\/\/bluemagiccat.com\/ca\/\">bluemagiccat.com<\/a> [user_consent_state]<\/p>\n<h2>Qu\u00e8 s\u00f3n les galetes?<\/h2>\n<p>Les cookies s\u00f3n petits fitxers de text que s&#8217;utilitzen per emmagatzemar petites peces d&#8217;informaci\u00f3. Les galetes s&#8217;emmagatzemen al dispositiu quan el lloc web es carrega al navegador. Aquestes cookies ens ajuden a fer que el lloc web funcioni correctament, fer-lo m\u00e9s segur, oferir una millor experi\u00e8ncia d&#8217;usuari i entendre com funciona el lloc web i analitzar qu\u00e8 funciona i on s&#8217;ha de millorar.<\/p>\n<h2>Com utilitzem les galetes?<\/h2>\n<p>Com la majoria dels serveis en l\u00ednia, el nostre lloc web utilitza cookies pr\u00f2pies i de tercers per a diversos prop\u00f2sits. Les cookies pr\u00f2pies s\u00f3n b\u00e0sicament necess\u00e0ries perqu\u00e8 el lloc web funcioni correctament i no recullen cap de les vostres dades d&#8217;identificaci\u00f3 personal. Les galetes de tercers que s&#8217;utilitzen als nostres llocs web s&#8217;utilitzen principalment per entendre com funciona el lloc web, com interactua amb el nostre lloc web, mantenir els nostres serveis segurs i oferir anuncis rellevants. En resum, aix\u00f2 serveix per oferir-vos una millor experi\u00e8ncia d&#8217;usuari i ajuda a accelerar les seves futures interaccions amb el nostre lloc web.<\/p>\n<h2>Quins tipus de galetes utilitzem?<\/h2>\n<p>Les cookies utilitzades al nostre lloc web s&#8217;agrupen en les categories seg\u00fcents. [cookie_category]<br \/>La llista seg\u00fcent detalla les cookies utilitzades al nostre lloc web. [cookie_audit_category columns=&#8221;cookie,description&#8221;]<\/p>\n<h2>Com puc controlar les prefer\u00e8ncies de les galetes?<\/h2>\n<p>Podeu gestionar les vostres prefer\u00e8ncies de galetes fent clic al bot\u00f3 &#8220;Configuraci\u00f3&#8221; i activant o desactivant les categories de galetes a la finestra emergent segons les vostres prefer\u00e8ncies. Si decidiu canviar les vostres prefer\u00e8ncies m\u00e9s tard durant la sessi\u00f3 de navegaci\u00f3, podeu fer clic a la pestanya &#8220;Gestiona el consentiment&#8221; de la pantalla. Aix\u00f2 tornar\u00e0 a mostrar l&#8217;av\u00eds de consentiment que us permetr\u00e0 canviar les vostres prefer\u00e8ncies o retirar el vostre consentiment del tot. A m\u00e9s, els diferents navegadors ofereixen diferents m\u00e8todes per bloquejar i eliminar les galetes utilitzades pels llocs web. Podeu canviar la configuraci\u00f3 del vostre navegador per bloquejar\/eliminar les cookies.<br \/>Per obtenir m\u00e9s informaci\u00f3 sobre com gestionar i eliminar les galetes, visiteu <a href=\"http:\/\/wikipedia.org\" target=\"_blank\" rel=\"noopener\">wikipedia.org<\/a>, <a href=\"http:\/\/www.allaboutcookies.org\" target=\"_blank\" rel=\"noopener\">www.allaboutcookies.org.<\/a><\/p>\n<p>[\/et_pb_text][\/et_pb_column][\/et_pb_row][\/et_pb_section]<\/p>\n","protected":false},"excerpt":{"rendered":"<p>Pol\u00edtica de galetes Sobre aquesta pol\u00edtica de galetes. Aquest lloc web utilitza cookies pr\u00f2pies i de tercers per oferir-vos una millor experi\u00e8ncia i servei. En navegar o utilitzar els nostres serveis, l&#8217;usuari accepta l&#8217;\u00fas que fem de les galetes. No obstant aix\u00f2, l&#8217;usuari t\u00e9 l&#8217;opci\u00f3 d&#8217;impedir la generaci\u00f3 de cookies i eliminar-les mitjan\u00e7ant la selecci\u00f3 [&hellip;]<\/p>\n","protected":false},"author":2,"featured_media":0,"parent":0,"menu_order":0,"comment_status":"closed","ping_status":"closed","template":"","meta":{"_et_pb_use_builder":"on","_et_pb_old_content":"","_et_gb_content_width":"","_joinchat":[],"footnotes":""},"dipi_cpt_category":[],"class_list":["post-1117","page","type-page","status-publish","hentry"],"_links":{"self":[{"href":"https:\/\/bluemagiccat.com\/ca\/wp-json\/wp\/v2\/pages\/1117","targetHints":{"allow":["GET"]}}],"collection":[{"href":"https:\/\/bluemagiccat.com\/ca\/wp-json\/wp\/v2\/pages"}],"about":[{"href":"https:\/\/bluemagiccat.com\/ca\/wp-json\/wp\/v2\/types\/page"}],"author":[{"embeddable":true,"href":"https:\/\/bluemagiccat.com\/ca\/wp-json\/wp\/v2\/users\/2"}],"replies":[{"embeddable":true,"href":"https:\/\/bluemagiccat.com\/ca\/wp-json\/wp\/v2\/comments?post=1117"}],"version-history":[{"count":16,"href":"https:\/\/bluemagiccat.com\/ca\/wp-json\/wp\/v2\/pages\/1117\/revisions"}],"predecessor-version":[{"id":22988439,"href":"https:\/\/bluemagiccat.com\/ca\/wp-json\/wp\/v2\/pages\/1117\/revisions\/22988439"}],"wp:attachment":[{"href":"https:\/\/bluemagiccat.com\/ca\/wp-json\/wp\/v2\/media?parent=1117"}],"wp:term":[{"taxonomy":"dipi_cpt_category","embeddable":true,"href":"https:\/\/bluemagiccat.com\/ca\/wp-json\/wp\/v2\/dipi_cpt_category?post=1117"}],"curies":[{"name":"wp","href":"https:\/\/api.w.org\/{rel}","templated":true}]}}