{"id":1112,"date":"2023-12-15T09:28:38","date_gmt":"2023-12-15T08:28:38","guid":{"rendered":"https:\/\/bluemagiccat.com\/avis-legal\/"},"modified":"2024-04-23T10:49:12","modified_gmt":"2024-04-23T08:49:12","slug":"avis-legal","status":"publish","type":"page","link":"https:\/\/bluemagiccat.com\/ca\/avis-legal\/","title":{"rendered":"Av\u00eds legal"},"content":{"rendered":"<p>[et_pb_section fb_built=&#8221;1&#8243; _builder_version=&#8221;4.22.2&#8243; _module_preset=&#8221;default&#8221; global_colors_info=&#8221;{}&#8221;][et_pb_row _builder_version=&#8221;4.22.2&#8243; _module_preset=&#8221;default&#8221; global_colors_info=&#8221;{}&#8221;][et_pb_column type=&#8221;4_4&#8243; _builder_version=&#8221;4.22.2&#8243; _module_preset=&#8221;default&#8221; global_colors_info=&#8221;{}&#8221;][et_pb_text _builder_version=&#8221;4.22.2&#8243; _module_preset=&#8221;default&#8221; global_colors_info=&#8221;{}&#8221;]<\/p>\n<h1>Av\u00eds legal<\/h1>\n<ul>\n<li>Denominaci\u00f3 Social: Charters BCN 2013 SL<\/li>\n<li>Nom Comercial: BlueMagicCat<\/li>\n<li>Domicili Social: Avda. Pau Casals, 86\/88 Baixos 1\u00aa, 17251, Calonge i Sant Antoni, Girona, Espa\u00f1a<\/li>\n<li>CIF \/ NIF: B55155634<\/li>\n<li>Tel\u00e8fon: +34 633 562 011<\/li>\n<li>Correu electr\u00f2nic: info@bluemagiccat.com<\/li>\n<li>Nom del domini: www.bluemagiccat.com<\/li>\n<li>Autorizaci\u00f3 administrativa: activa<\/li>\n<\/ul>\n<h2>OBJECTE<\/h2>\n<p>El prestador, responsable del lloc web, posa a disposici\u00f3 dels usuaris aquest document amb l&#8217;objectiu de complir amb les obligacions establertes a la Llei 34\/2002, de Serveis de la Societat de la Informaci\u00f3 i de Comer\u00e7 Electr\u00f2nic (LSSI-CE) , aix\u00ed com informar a tots els usuaris del lloc web sobre les condicions d\u00fas del mateix.<\/p>\n<p>Qualsevol persona que accedeixi a aquest lloc web assumeix el paper dusuari, comprometent-se a observar i complir rigorosament les disposicions aqu\u00ed establertes, aix\u00ed com qualsevol altra disposici\u00f3 legal aplicable.<\/p>\n<p>El prestador es reserva el dret a modificar qualsevol tipus d&#8217;informaci\u00f3 que pugui apar\u00e8ixer al lloc web, sense que hi hagi obligaci\u00f3 d&#8217;avisar pr\u00e8viament o posar en coneixement dels usuaris aquestes obligacions, entenent com a suficient la publicaci\u00f3 al lloc web del prestador.<\/p>\n<h2>RESPONSABILITAT<\/h2>\n<p>El prestador s&#8217;eximeix de qualsevol tipus de responsabilitat derivada de la informaci\u00f3 publicada al vostre lloc web, sempre que aquesta informaci\u00f3 hagi estat manipulada o introdu\u00efda per un tercer ali\u00e8 al mateix.<\/p>\n<p>El lloc web del prestador pot utilitzar cookies (petits fitxers d&#8217;informaci\u00f3 que el servidor envia a l&#8217;ordinador de qui accedeix a la p\u00e0gina) per dur a terme certes funcions que es consideren essencials per al correcte funcionament i visualitzaci\u00f3 del lloc. Les galetes utilitzades al lloc web tenen car\u00e0cter temporal amb l&#8217;\u00fanica finalitat de fer m\u00e9s efica\u00e7 la seva transmissi\u00f3 posterior i desapareixen en finalitzar la sessi\u00f3 de l&#8217;usuari. En cap cas no s&#8217;utilitzaran les cookies per recopilar informaci\u00f3 de car\u00e0cter personal.<\/p>\n<p>Des del lloc web del client \u00e9s possible que es redirigeixi a continguts de tercers llocs web. At\u00e8s que el prestador no pot controlar sempre els continguts introdu\u00efts per tercers als seus llocs web, no assumeix cap responsabilitat respecte a aquests continguts. En tot cas, el prestador manifesta que procedir\u00e0 a la retirada immediata de qualsevol contingut que pugui contravenir la legislaci\u00f3 nacional o internacional, la moral o l&#8217;ordre p\u00fablic, procedint a la retirada immediata de la redirecci\u00f3 a aquest lloc web i posant en coneixement de les autoritats competents el contingut en q\u00fcesti\u00f3.<\/p>\n<p>El prestador no es fa responsable de la informaci\u00f3 i continguts emmagatzemats, en particular, en f\u00f2rums, xats, generadors de blocs, comentaris, xarxes socials o qualsevol altre mitj\u00e0 que permeti a tercers publicar continguts de forma independent a la p\u00e0gina web del prestador. No obstant aix\u00f2, i en compliment del que disposen els articles 11 i 16 de la LSSI-CE, el prestador es posa a disposici\u00f3 de tots els usuaris, autoritats i forces de seguretat, col\u00b7laborant de forma activa en la retirada o, si escau, bloqueig de tots aquells continguts que puguin afectar o contravenir la legislaci\u00f3 nacional, internacional, drets de tercers o la moral i l&#8217;ordre p\u00fablic. En cas que l&#8217;usuari consideri que hi ha al lloc web algun contingut que pogu\u00e9s ser susceptible d&#8217;aquesta classificaci\u00f3, es prega que ho notifiqui de manera immediata a l&#8217;administrador del lloc web.<\/p>\n<p>Aquest lloc web ha estat revisat i provat perqu\u00e8 funcioni correctament. En principi, se&#8217;n pot garantir el funcionament correcte els 365 dies de l&#8217;any, 24 hores al dia. Tot i aix\u00f2, el prestador no descarta la possibilitat que hi hagi certs errors de programaci\u00f3 o que es produeixin causes de for\u00e7a major, cat\u00e0strofes naturals, vagues o altres circumst\u00e0ncies similars que facin impossible l&#8217;acc\u00e9s a la p\u00e0gina web.<\/p>\n<p>Les dades de contacte proporcionades en aquesta p\u00e0gina web no impliquen el consentiment per a fins comercials ni qualsevol altra intenci\u00f3 per part de lusuari que contacta, excepte per a pressupostos, suport t\u00e8cnic o pressupostos dels nostres serveis.<\/p>\n<p>[\/et_pb_text][\/et_pb_column][\/et_pb_row][\/et_pb_section]<\/p>\n","protected":false},"excerpt":{"rendered":"<p>Av\u00eds legal Denominaci\u00f3 Social: Charters BCN 2013 SL Nom Comercial: BlueMagicCat Domicili Social: Avda. Pau Casals, 86\/88 Baixos 1\u00aa, 17251, Calonge i Sant Antoni, Girona, Espa\u00f1a CIF \/ NIF: B55155634 Tel\u00e8fon: +34 633 562 011 Correu electr\u00f2nic: info@bluemagiccat.com Nom del domini: www.bluemagiccat.com Autorizaci\u00f3 administrativa: activa OBJECTE El prestador, responsable del lloc web, posa a disposici\u00f3 [&hellip;]<\/p>\n","protected":false},"author":2,"featured_media":0,"parent":0,"menu_order":0,"comment_status":"closed","ping_status":"closed","template":"","meta":{"_et_pb_use_builder":"on","_et_pb_old_content":"","_et_gb_content_width":"","_joinchat":[],"footnotes":""},"dipi_cpt_category":[],"class_list":["post-1112","page","type-page","status-publish","hentry"],"_links":{"self":[{"href":"https:\/\/bluemagiccat.com\/ca\/wp-json\/wp\/v2\/pages\/1112","targetHints":{"allow":["GET"]}}],"collection":[{"href":"https:\/\/bluemagiccat.com\/ca\/wp-json\/wp\/v2\/pages"}],"about":[{"href":"https:\/\/bluemagiccat.com\/ca\/wp-json\/wp\/v2\/types\/page"}],"author":[{"embeddable":true,"href":"https:\/\/bluemagiccat.com\/ca\/wp-json\/wp\/v2\/users\/2"}],"replies":[{"embeddable":true,"href":"https:\/\/bluemagiccat.com\/ca\/wp-json\/wp\/v2\/comments?post=1112"}],"version-history":[{"count":5,"href":"https:\/\/bluemagiccat.com\/ca\/wp-json\/wp\/v2\/pages\/1112\/revisions"}],"predecessor-version":[{"id":22988434,"href":"https:\/\/bluemagiccat.com\/ca\/wp-json\/wp\/v2\/pages\/1112\/revisions\/22988434"}],"wp:attachment":[{"href":"https:\/\/bluemagiccat.com\/ca\/wp-json\/wp\/v2\/media?parent=1112"}],"wp:term":[{"taxonomy":"dipi_cpt_category","embeddable":true,"href":"https:\/\/bluemagiccat.com\/ca\/wp-json\/wp\/v2\/dipi_cpt_category?post=1112"}],"curies":[{"name":"wp","href":"https:\/\/api.w.org\/{rel}","templated":true}]}}