{"id":1070,"date":"2023-12-14T13:05:17","date_gmt":"2023-12-14T12:05:17","guid":{"rendered":"https:\/\/bluemagiccat.com\/barcelona-sailing-corporate-events\/"},"modified":"2024-03-04T15:40:36","modified_gmt":"2024-03-04T14:40:36","slug":"barcelona-sailing-corporate-events","status":"publish","type":"page","link":"https:\/\/bluemagiccat.com\/ca\/barcelona-sailing-corporate-events\/","title":{"rendered":"Barcelona SAILING &#8211; ESDEVENIMENTS CORPORATIUS"},"content":{"rendered":"<p>[et_pb_section fb_built=&#8221;1&#8243; _builder_version=&#8221;4.22.2&#8243; _module_preset=&#8221;default&#8221; custom_padding=&#8221;0px|||||&#8221; global_colors_info=&#8221;{}&#8221;][et_pb_row module_id=&#8221;eventos-para-empresas&#8221; _builder_version=&#8221;4.22.2&#8243; _module_preset=&#8221;default&#8221; custom_padding=&#8221;0px|||||&#8221; global_colors_info=&#8221;{}&#8221;][et_pb_column type=&#8221;4_4&#8243; _builder_version=&#8221;4.22.2&#8243; _module_preset=&#8221;default&#8221; global_colors_info=&#8221;{}&#8221;][et_pb_text _builder_version=&#8221;4.24.0&#8243; _module_preset=&#8221;default&#8221; hover_enabled=&#8221;0&#8243; global_colors_info=&#8221;{}&#8221; sticky_enabled=&#8221;0&#8243;]<\/p>\n<h1>ESDEVENIMENTS CORPORATIUS A BARCELONA<\/h1>\n<h1>Reserva el teu catamar\u00e0 preferit<\/h1>\n<p>[\/et_pb_text][\/et_pb_column][\/et_pb_row][et_pb_row column_structure=&#8221;1_2,1_2&#8243; _builder_version=&#8221;4.22.2&#8243; _module_preset=&#8221;default&#8221; custom_padding=&#8221;0px|||||&#8221; custom_css_main_element=&#8221;align-items:center&#8221; global_colors_info=&#8221;{}&#8221;][et_pb_column type=&#8221;1_2&#8243; _builder_version=&#8221;4.22.2&#8243; _module_preset=&#8221;default&#8221; global_colors_info=&#8221;{}&#8221;][et_pb_image src=&#8221;https:\/\/bluemagiccat.com\/wp-content\/uploads\/2024\/02\/Team-building-en-catamaran-por-Barcelona.jpg&#8221; title_text=&#8221;Team building amb catamar\u00e0 per Barcelona&#8221; _builder_version=&#8221;4.24.0&#8243; _module_preset=&#8221;default&#8221; hover_enabled=&#8221;0&#8243; global_colors_info=&#8221;{}&#8221; alt=&#8221;Team building amb catamar\u00e0 per Barcelona&#8221; sticky_enabled=&#8221;0&#8243;][\/et_pb_image][et_pb_text _builder_version=&#8221;4.24.0&#8243; _module_preset=&#8221;default&#8221; hover_enabled=&#8221;0&#8243; global_colors_info=&#8221;{}&#8221; sticky_enabled=&#8221;0&#8243;]<\/p>\n<p>Est\u00e0s buscant un passeig amb vaixell inigualable a Barcelona per al teu esdeveniment corporatiu? No busquis m\u00e9s! Organitza un dia <strong>inoblidable de navegaci\u00f3<\/strong>, relaxaci\u00f3 i diversi\u00f3 a Barcelona a bord dels nostres l<strong>uxosos catamarans BlueMagicCat.<\/strong><\/p>\n<p>Embarca&#8217;t en un <strong>passeig amb vaixell \u00fanic per Barcelona<\/strong>, on <strong>tu i el teu equip descobrireu les joies m\u00e9s amagades de la ciutat.<\/strong> Submergeix-te a l&#8217;abra\u00e7ada del mar i deixa&#8217;t hipnotitzar per la millor posta de sol de Barcelona, que pinta l&#8217;horitz\u00f3 amb tons vibrants.<\/p>\n<p>El nostre passeig amb vaixell per Barcelona no \u00e9s un esdeveniment corporatiu m\u00e9s; \u00c9s una <strong>oportunitat excepcional per formar equips<\/strong> dissenyada per fomentar la unitat, fomentar els vincles i oferir un respir molt necessari de la rutina di\u00e0ria.<\/p>\n<p>&nbsp;<\/p>\n<p>[\/et_pb_text][\/et_pb_column][et_pb_column type=&#8221;1_2&#8243; _builder_version=&#8221;4.22.2&#8243; _module_preset=&#8221;default&#8221; global_colors_info=&#8221;{}&#8221;][et_pb_text _builder_version=&#8221;4.22.2&#8243; _module_preset=&#8221;7459fabc-5e85-4208-b16e-b42b1921380d&#8221; global_colors_info=&#8221;{}&#8221;]<\/p>\n<h4>Quins serveis hi estan inclosos?<\/h4>\n<p>Amarratge a port base<br \/>\nCombustible, neteja, tripulaci\u00f3 i assegurances.<br \/>\nConnexi\u00f3 WIFI, Spotify Premium i sistema d\u00e0udio.<br \/>\nTaula de paddle surf<\/p>\n<h4><\/h4>\n<h4><\/h4>\n<h4>Quins snacks s&#8217;hi inclouen?<\/h4>\n<p>Assortiment de refrescos, snacks i fruita de temporada.<\/p>\n<p>&nbsp;<\/p>\n<h5 style=\"text-align: right;\">Des de 79 \u20ac\/PERS.<\/h5>\n<p>[\/et_pb_text][et_pb_text _builder_version=&#8221;4.24.0&#8243; _module_preset=&#8221;default&#8221; hover_enabled=&#8221;0&#8243; global_colors_info=&#8221;{}&#8221; sticky_enabled=&#8221;0&#8243;]<\/p>\n<p>I quan cau la nit, per qu\u00e8 no transformar la teva reuni\u00f3 en una festa electritzant en un catamar\u00e0 a Barcelona? Amb els llums de la ciutat brillant a l&#8217;aigua i el ritme de les onades, el teu equip segurament se sentir\u00e0 rejovenit i connectat.<\/p>\n<p>No et limitis a <strong>reservar un vaixell a Barcelona, crea records duradors<\/strong> amb BlueMagicCat. Sempre hi ha una ra\u00f3 perfecta per deixar all\u00f2 ordinari i navegar cap a una experi\u00e8ncia extraordin\u00e0ria!<\/p>\n<p>\u00c9s l&#8217;<strong>activitat de team building perfecta<\/strong> per unir les persones, formar vincles i distreure&#8217;s del tr\u00e0fec de la feina.<\/p>\n<p>[\/et_pb_text][et_pb_button button_url=&#8221;https:\/\/booking.chartersbcn.com\/es\/activitat\/16959\/&#8221; url_new_window=&#8221;on&#8221; button_text=&#8221;Reserva fins a 12 persones&#8221; _builder_version=&#8221;4.22.2&#8243; _module_preset=&#8221;default&#8221; custom_margin=&#8221;||10px||false|false&#8221; custom_padding_tablet=&#8221;||||false|false&#8221; custom_padding_phone=&#8221;||||false|false&#8221; custom_padding_last_edited=&#8221;on|tablet&#8221; global_colors_info=&#8221;{}&#8221;][\/et_pb_button][et_pb_button button_url=&#8221;https:\/\/booking.chartersbcn.com\/es\/activitat\/16957\/&#8221; url_new_window=&#8221;on&#8221; button_text=&#8221;Reserva fins a 30 persones&#8221; _builder_version=&#8221;4.22.2&#8243; _module_preset=&#8221;default&#8221; custom_margin=&#8221;||10px||false|false&#8221; custom_margin_tablet=&#8221;||10px||false|false&#8221; custom_margin_phone=&#8221;||10px||false|false&#8221; custom_margin_last_edited=&#8221;on|tablet&#8221; global_colors_info=&#8221;{}&#8221;][\/et_pb_button][\/et_pb_column][\/et_pb_row][\/et_pb_section]<\/p>\n","protected":false},"excerpt":{"rendered":"<p>ESDEVENIMENTS CORPORATIUS A BARCELONA Reserva el teu catamar\u00e0 preferitEst\u00e0s buscant un passeig amb vaixell inigualable a Barcelona per al teu esdeveniment corporatiu? No busquis m\u00e9s! Organitza un dia inoblidable de navegaci\u00f3, relaxaci\u00f3 i diversi\u00f3 a Barcelona a bord dels nostres luxosos catamarans BlueMagicCat. Embarca&#8217;t en un passeig amb vaixell \u00fanic per Barcelona, on tu i [&hellip;]<\/p>\n","protected":false},"author":2,"featured_media":0,"parent":0,"menu_order":0,"comment_status":"closed","ping_status":"closed","template":"","meta":{"_et_pb_use_builder":"on","_et_pb_old_content":"","_et_gb_content_width":"","_joinchat":[],"footnotes":""},"dipi_cpt_category":[],"class_list":["post-1070","page","type-page","status-publish","hentry"],"_links":{"self":[{"href":"https:\/\/bluemagiccat.com\/ca\/wp-json\/wp\/v2\/pages\/1070","targetHints":{"allow":["GET"]}}],"collection":[{"href":"https:\/\/bluemagiccat.com\/ca\/wp-json\/wp\/v2\/pages"}],"about":[{"href":"https:\/\/bluemagiccat.com\/ca\/wp-json\/wp\/v2\/types\/page"}],"author":[{"embeddable":true,"href":"https:\/\/bluemagiccat.com\/ca\/wp-json\/wp\/v2\/users\/2"}],"replies":[{"embeddable":true,"href":"https:\/\/bluemagiccat.com\/ca\/wp-json\/wp\/v2\/comments?post=1070"}],"version-history":[{"count":13,"href":"https:\/\/bluemagiccat.com\/ca\/wp-json\/wp\/v2\/pages\/1070\/revisions"}],"predecessor-version":[{"id":2379,"href":"https:\/\/bluemagiccat.com\/ca\/wp-json\/wp\/v2\/pages\/1070\/revisions\/2379"}],"wp:attachment":[{"href":"https:\/\/bluemagiccat.com\/ca\/wp-json\/wp\/v2\/media?parent=1070"}],"wp:term":[{"taxonomy":"dipi_cpt_category","embeddable":true,"href":"https:\/\/bluemagiccat.com\/ca\/wp-json\/wp\/v2\/dipi_cpt_category?post=1070"}],"curies":[{"name":"wp","href":"https:\/\/api.w.org\/{rel}","templated":true}]}}